{"id":11808,"date":"2022-04-07T09:35:20","date_gmt":"2022-04-07T08:35:20","guid":{"rendered":"https:\/\/ways.se\/?page_id=11808"},"modified":"2026-04-21T08:47:49","modified_gmt":"2026-04-21T06:47:49","slug":"jobba-har","status":"publish","type":"page","link":"https:\/\/ways.se\/sv\/jobba-har\/","title":{"rendered":"Jobba h\u00e4r"},"content":{"rendered":"<div class=\"gb-container gb-container-ac5bc7a9 hero\">\n<div class=\"gb-container gb-container-c5f6bc24 hero-overlay\">\n<div class=\"gb-container gb-container-4ff81513 hero-content\">\n<h1 class=\"gb-headline gb-headline-204e5bb8 gb-headline-text\">Jobba h\u00e4r<\/h1>\n<\/div>\n<\/div>\n<\/div>\n\n<div class=\"gb-container gb-container-902721aa preamble\">\n<div class=\"gb-container gb-container-110b28ab preamble-inner\"><div class=\"gb-inside-container\">\n\n<p>Ways startade 2006 med id\u00e9n om att frig\u00f6ra dokumenthanteringspotentialen i Microsoft 365. Med unik kunskap om Microsoft 365 valde vi att investera v\u00e5r sj\u00e4l i att utveckla en l\u00f6sning som var applicerbar p\u00e5 SharePoint med uppgift att skapa ordning, automatisera processer och minska risker med dokumenthantering. MetaShare f\u00f6ddes, v\u00e5r banbrytande SaaS-l\u00f6sning med stor potential och m\u00e5nga till\u00e4mpningsomr\u00e5den.<\/p>\n\n\n\n<p>Efterfr\u00e5gan p\u00e5 MetaShare \u00f6kar rekordsnabbt och vi vill bli fler. H\u00e4r hittar du information om lediga tj\u00e4nster. Varmt v\u00e4lkommen med din ans\u00f6kan!<\/p>\n\n<\/div><\/div>\n<\/div>\n\n<div class=\"gb-container gb-container-074a849a contained\">\n<div class=\"gb-container gb-container-a7cab2f8 contained-inner contained-inner--small\">\n\n<h2 class=\"wp-block-heading\">Lediga tj\u00e4nster<\/h2>\n\n\n\n<p><a href=\"https:\/\/ways.se\/sv\/nyheter\/ways-soker-customer-success-manager\/\">Customer success manager<\/a><\/p>\n\n\n\n<p><a href=\"https:\/\/ways.se\/sv\/nyheter\/ways-soker-saljare-metashare\/\">S\u00e4ljare MetaShare<\/a><\/p>\n\n<\/div>\n<\/div>","protected":false},"excerpt":{"rendered":"<p>Jobba h\u00e4r Ways startade 2006 med id\u00e9n om att frig\u00f6ra dokumenthanteringspotentialen i Microsoft 365. Med unik kunskap om Microsoft 365 valde vi att investera v\u00e5r sj\u00e4l i att utveckla en l\u00f6sning som var applicerbar p\u00e5 &#8230; <\/p>\n<p class=\"read-more-container\"><a title=\"Jobba h\u00e4r\" class=\"read-more button\" href=\"https:\/\/ways.se\/sv\/jobba-har\/\" aria-label=\"L\u00e4s mer om Jobba h\u00e4r\">L\u00e4s mer<\/a><\/p>\n","protected":false},"author":5,"featured_media":11810,"parent":0,"menu_order":0,"comment_status":"closed","ping_status":"closed","template":"","meta":{"_acf_changed":false,"footnotes":""},"element-controls":[105],"class_list":{"0":"post-11808","1":"page","2":"type-page","3":"status-publish","4":"has-post-thumbnail","6":"element-controls-hero","7":"no-featured-image-padding"},"acf":[],"_links":{"self":[{"href":"https:\/\/ways.se\/sv\/wp-json\/wp\/v2\/pages\/11808","targetHints":{"allow":["GET"]}}],"collection":[{"href":"https:\/\/ways.se\/sv\/wp-json\/wp\/v2\/pages"}],"about":[{"href":"https:\/\/ways.se\/sv\/wp-json\/wp\/v2\/types\/page"}],"author":[{"embeddable":true,"href":"https:\/\/ways.se\/sv\/wp-json\/wp\/v2\/users\/5"}],"replies":[{"embeddable":true,"href":"https:\/\/ways.se\/sv\/wp-json\/wp\/v2\/comments?post=11808"}],"version-history":[{"count":18,"href":"https:\/\/ways.se\/sv\/wp-json\/wp\/v2\/pages\/11808\/revisions"}],"predecessor-version":[{"id":46517,"href":"https:\/\/ways.se\/sv\/wp-json\/wp\/v2\/pages\/11808\/revisions\/46517"}],"wp:featuredmedia":[{"embeddable":true,"href":"https:\/\/ways.se\/sv\/wp-json\/wp\/v2\/media\/11810"}],"wp:attachment":[{"href":"https:\/\/ways.se\/sv\/wp-json\/wp\/v2\/media?parent=11808"}],"wp:term":[{"taxonomy":"element-controls","embeddable":true,"href":"https:\/\/ways.se\/sv\/wp-json\/wp\/v2\/element-controls?post=11808"}],"curies":[{"name":"wp","href":"https:\/\/api.w.org\/{rel}","templated":true}]}}