{"id":14830,"date":"2022-11-30T11:20:18","date_gmt":"2022-11-30T10:20:18","guid":{"rendered":"https:\/\/ways.se\/?page_id=14830"},"modified":"2025-06-03T13:29:09","modified_gmt":"2025-06-03T11:29:09","slug":"integritetspolicy","status":"publish","type":"page","link":"https:\/\/ways.se\/sv\/integritetspolicy\/","title":{"rendered":"Integritetspolicy"},"content":{"rendered":"\n<p>Ways Sweden AB (&#8221;Ways&#8221;, &#8221;vi&#8221;, eller &#8221;oss&#8221;) tar din integritet p\u00e5 allvar. Eftersom vi samlar in vissa typer av information om dig, vill vi hj\u00e4lpa dig att f\u00f6rst\u00e5 villkoren f\u00f6r insamling och anv\u00e4ndning av denna information. Denna integritetspolicy g\u00e4ller f\u00f6r metashare.com och ways.se, som \u00e4gs och drivs av Ways. Denna sekretesspolicy beskriver de typer av information som vi samlar in, hur vi anv\u00e4nder den och hur du kan korrigera eller \u00e4ndra den. Denna integritetspolicy g\u00e4ller f\u00f6r alla v\u00e5ra webbplatser och e-postmeddelanden. V\u00e5r anv\u00e4ndning av cookies diskuteras i v\u00e5rt meddelande om cookies nedan. Genom att anv\u00e4nda v\u00e5r webbplats samtycker du till att vi behandlar din information enligt vad som anges i denna policy. Detta inkluderar placering av cookies p\u00e5 din enhet enligt beskrivningen i <a href=\"#consent-change\">cookiemeddelandet<\/a>.        Om du har fr\u00e5gor ang\u00e5ende hur vi hanterar din integritet, v\u00e4nligen <a href=\"#contact\" data-type=\"internal\" data-id=\"#contact\">kontakta oss<\/a>.<\/p>\n\n<h2 class=\"wp-block-heading\">Vilken personlig information samlar Ways in?<\/h2>\n\n<h3 class=\"wp-block-heading\">Oregistrerade bes\u00f6kare<\/h3>\n\n<p>Bes\u00f6kare kan surfa p\u00e5 denna webbplats utan att l\u00e4mna ut n\u00e5gon personlig information. I vissa fall samlar vi automatiskt in vissa typer av information n\u00e4r du surfar p\u00e5 v\u00e5r webbplats. Automatiserad teknik kan inkludera anv\u00e4ndning av webbserverloggar f\u00f6r att samla in IP-adresser, cookies och webb-beacons. Vi kan sp\u00e5ra information som tillhandah\u00e5lls oss av din webbl\u00e4sare, inklusive alla h\u00e4nvisande webbadresser, din IP-adress, vilken typ av webbl\u00e4sare du anv\u00e4nder, tid och datum f\u00f6r \u00e5tkomst och annan information som inte identifierar dig personligen. Vi anv\u00e4nder denna information f\u00f6r att diagnostisera problem med v\u00e5r server och f\u00f6r att administrera v\u00e5r webbplats. F\u00f6r mer information om detta, se v\u00e5rt <a href=\"#consent-change\">meddelande om cookies<\/a>.     <\/p>\n\n<h3 class=\"wp-block-heading\">Bes\u00f6kare som fyller i formul\u00e4r som beg\u00e4r information<\/h3>\n\n<p>N\u00e4r du skickar din information (som kan omfatta din h\u00e4lsning, f\u00f6rnamn, efternamn, jobbtitel, f\u00f6retagsnamn, telefonnummer, e-postadress och platsinformation) till Ways lagras den i v\u00e5r s\u00e4kra kontaktdatabas. Denna information anv\u00e4nds av v\u00e5ra f\u00f6rs\u00e4ljnings-, marknadsf\u00f6rings- och supportteam vars prim\u00e4ra m\u00e5l med att samla in personuppgifter \u00e4r att f\u00f6rse dig med det b\u00e4sta och mest anv\u00e4ndbara inneh\u00e5llet och tj\u00e4nsterna, b\u00e5de via v\u00e5r webbplats och via e-post. Detta inkluderar att ta emot e-postmeddelanden eller annan kommunikation fr\u00e5n Ways. Du kan v\u00e4lja bort att ta emot kommunikation fr\u00e5n oss; se Vilka <a href=\"#what-are-my-options\">\u00e4r mina alternativ<\/a>.   <\/p>\n\n<h3 class=\"wp-block-heading\">Kunder och aff\u00e4rspartners<\/h3>\n\n<p>Vissa utsedda anst\u00e4llda hos kunder och aff\u00e4rspartners kan f\u00e5 tillg\u00e5ng till s\u00e4kra omr\u00e5den p\u00e5 webbplatsen n\u00e4r de har beviljats s\u00e4ker \u00e5tkomst via v\u00e5r s\u00e4kerhetsprocess Auktoriserade anv\u00e4ndare. Om du \u00e4r kund eller aff\u00e4rspartner beh\u00e5ller vi dina uppgifter s\u00e5 l\u00e4nge ditt konto \u00e4r aktivt eller s\u00e5 l\u00e4nge det beh\u00f6vs f\u00f6r att tillhandah\u00e5lla dig tj\u00e4nster. Vi kommer att beh\u00e5lla och anv\u00e4nda din information efter behov f\u00f6r att uppfylla v\u00e5ra juridiska skyldigheter, l\u00f6sa tvister och verkst\u00e4lla v\u00e5ra avtal. Om du \u00e4r en bes\u00f6kare kommer vi att beh\u00e5lla din information i enlighet med v\u00e5r policy f\u00f6r datalagring. Bes\u00f6kare kan n\u00e4r som helst beg\u00e4ra att deras uppgifter tas bort fr\u00e5n v\u00e5ra databaser genom att skicka ett e-postmeddelande till oss p\u00e5 <a href=\"mailto:privacy@ways.se\">privacy@ways.se.<\/a>    <\/p>\n\n<h3 class=\"wp-block-heading\">S\u00e4kerhet<\/h3>\n\n<p>S\u00e4kerheten f\u00f6r din personliga information \u00e4r viktig f\u00f6r oss. Vi f\u00f6ljer allm\u00e4nt accepterade standarder, s\u00e5som SSL, f\u00f6r att skydda den personliga information som l\u00e4mnas till oss tillsammans med informationen som \u00f6verf\u00f6rs i MetaShare-tj\u00e4nsten, b\u00e5de under \u00f6verf\u00f6ringen och n\u00e4r vi tar emot den.<\/p>\n\n<h3 class=\"wp-block-heading\">Sociala medier och tredje parts webbplatser<\/h3>\n\n<p>Du kan interagera med oss genom sociala medier eller genom funktioner och widgets p\u00e5 v\u00e5r webbplats som integreras med sociala medier och l\u00e4nkar fr\u00e5n tredje part p\u00e5 v\u00e5r webbplats. Din interaktion med dessa funktioner och tredjepartswebbplatser styrs av integritetspolicyn f\u00f6r f\u00f6retaget som tillhandah\u00e5ller dem. Vi uppmuntrar dig att noggrant l\u00e4sa sekretesspolicyn f\u00f6r alla webbplatser du bes\u00f6ker. V\u00e5r webbplats kan inneh\u00e5lla l\u00e4nkar till andra webbplatser som ligger utanf\u00f6r v\u00e5r kontroll och som inte omfattas av denna policy. Du b\u00f6r l\u00e4sa sekretesspolicyn f\u00f6r varje webbplats du bes\u00f6ker.<\/p>\n\n<h3 class=\"wp-block-heading\">Omd\u00f6mmen<\/h3>\n\n<p>Vi visar personliga omd\u00f6mmen fr\u00e5n n\u00f6jda kunder p\u00e5 v\u00e5r webbplats f\u00f6rutom andra rekommendationer. Med ditt samtycke kan vi publicera ditt vittnesm\u00e5l tillsammans med ditt namn. Om du vill uppdatera eller radera ditt omd\u00f6me kan du kontakta oss p\u00e5 <a href=\"mailto:privacy@ways.se\">privacy@ways.se<\/a>.<\/p>\n\n<h2 class=\"wp-block-heading\">Syften<\/h2>\n\n<p>Ways anv\u00e4nder informationen vi samlar in f\u00f6r fyra allm\u00e4nna syften:<\/p>\n\n<ul class=\"wp-block-list\">\n<li>F\u00f6r att f\u00f6rse dig med information som du har accepterat att ta emot om \u00e4mnen som vi tror kommer att vara av intresse f\u00f6r dig.<\/li>\n\n\n\n<li>F\u00f6r att anpassa inneh\u00e5llet du ser.<\/li>\n\n\n\n<li>F\u00f6r att f\u00f6rb\u00e4ttra anv\u00e4ndarupplevelsen p\u00e5 v\u00e5ra webbplatser. Vi anv\u00e4nder sp\u00e5rningsinformation f\u00f6r att avg\u00f6ra hur bra varje sida presterar \u00f6verlag, baserat p\u00e5 sammanst\u00e4lld anv\u00e4ndardemografi och trafikm\u00f6nster till dessa sidor. Detta hj\u00e4lper oss att forts\u00e4tta bygga en b\u00e4ttre tj\u00e4nst f\u00f6r dig och att uppfylla dina \u00f6nskem\u00e5l om vissa produkter och tj\u00e4nster.<\/li>\n\n\n\n<li>F\u00f6r auktoriserade anv\u00e4ndare, att till\u00e5ta s\u00e4ker \u00e5tkomst till exklusivt inneh\u00e5ll p\u00e5 webbplatsen enligt villkoren i separata skriftliga avtal med varje kund eller aff\u00e4rspartner och anv\u00e4ndarvillkoren f\u00f6rknippade med typen av s\u00e4ker \u00e5tkomst.<\/li>\n<\/ul>\n\n<h3 class=\"wp-block-heading\">Personer som jobbar f\u00f6r oss<\/h3>\n\n<p>V\u00e5ra anst\u00e4llda \u00e4r skyldiga att h\u00e5lla kund, aff\u00e4rspartner och annan relaterad personlig information privat, som ett villkor f\u00f6r sin anst\u00e4llning hos f\u00f6retaget. Endast beh\u00f6riga anst\u00e4llda har r\u00e4tt att f\u00e5 tillg\u00e5ng till denna typ av information.<\/p>\n\n<h3 class=\"wp-block-heading\">F\u00f6retag som jobbar f\u00f6r oss<\/h3>\n\n<p>Vi avtalar med f\u00f6retag och privatpersoner p\u00e5 olika platser f\u00f6r att hj\u00e4lpa oss tillhandah\u00e5lla v\u00e5ra produkter och tj\u00e4nster. F\u00f6r att kunna utf\u00f6ra sina jobb kan dessa f\u00f6retag och individer ha tillg\u00e5ng till en del av informationen om kunder, aff\u00e4rspartners och potentiella kunder och aff\u00e4rspartners som vi samlar in som en del av v\u00e5ra tj\u00e4nster. Vi kr\u00e4ver att alla s\u00e5dana f\u00f6retag och individer f\u00f6ljer villkoren i v\u00e5r integritetspolicy och anv\u00e4nder den information de kan komma \u00e5t uteslutande i syfte att fullg\u00f6ra sina skyldigheter gentemot oss och f\u00f6r inget annat \u00e4ndam\u00e5l. Om vi uppt\u00e4cker att en tredje part har avsl\u00f6jat denna typ av information, vidtar vi omedelbara \u00e5tg\u00e4rder f\u00f6r att f\u00f6rhindra ytterligare h\u00e4ndelser och andra \u00e5tg\u00e4rder som vi anser vara l\u00e4mpliga under omst\u00e4ndigheterna.<\/p>\n\n<h3 class=\"wp-block-heading\">Delning och anv\u00e4ndning<\/h3>\n\n<p>Annat \u00e4n vad som beskrivs ovan kommer vi aldrig att dela, s\u00e4lja eller hyra ut individuell personlig information med n\u00e5gon utan ditt tillst\u00e5nd i f\u00f6rv\u00e4g, eller s\u00e5vida det inte har beordrats av en domstol eller annan giltig r\u00e4ttsprocess eller n\u00e4r vi i god tro anser att avsl\u00f6jande \u00e4r n\u00f6dv\u00e4ndigt f\u00f6r att skydda v\u00e5ra r\u00e4ttigheter, skydda din eller andras s\u00e4kerhet eller f\u00f6r att utreda bedr\u00e4gerier. Vi kan komma att \u00f6verf\u00f6ra viss personlig information \u00f6ver geografiska gr\u00e4nser till v\u00e5ra dotterbolag eller tj\u00e4nsteleverant\u00f6rer i andra l\u00e4nder som arbetar p\u00e5 v\u00e5ra v\u00e4gnar i enlighet med till\u00e4mplig lag.<\/p>\n\n<p>Om Ways \u00e4r inblandat i en sammanslagning, f\u00f6rv\u00e4rv eller f\u00f6rs\u00e4ljning av alla eller en del av dess tillg\u00e5ngar kommer du att meddelas via e-post och\/eller ett framtr\u00e4dande meddelande p\u00e5 v\u00e5r webbplats om varje f\u00f6r\u00e4ndring i \u00e4gande eller anv\u00e4ndning av din personliga information, samt som alla val du kan ha ang\u00e5ende din personliga information. Vi kan komma att avsl\u00f6ja din personliga information till tredje part med ditt f\u00f6rhandsgodk\u00e4nnande att g\u00f6ra det.<\/p>\n\n<p>Genom att f\u00f6rse oss med din information eller anv\u00e4nda v\u00e5ra webbplatser samtycker du till insamling, internationell \u00f6verf\u00f6ring, lagring och behandling av din information i enlighet med relevanta data\u00f6verf\u00f6ringsavtal relaterade till s\u00e4kerheten och sekretessen f\u00f6r personlig information. Insamlingen av personuppgifter fr\u00e5n auktoriserade anv\u00e4ndare av v\u00e5r MetaShare-tj\u00e4nst \u00e4r begr\u00e4nsad till den information som \u00e4r n\u00f6dv\u00e4ndig f\u00f6r att ge de auktoriserade anv\u00e4ndarna s\u00e4ker \u00e5tkomst till MetaShare-tj\u00e4nsten. <\/p>\n\n<h2 class=\"wp-block-heading\">Information relaterad till data som behandlas f\u00f6r v\u00e5ra MetaShare-kunder<\/h2>\n\n<p>Anv\u00e4ndningen av information som samlas in via MetaShare-tj\u00e4nsten ska begr\u00e4nsas till syftet att tillhandah\u00e5lla den tj\u00e4nst som MetaShare-kunderna har anlitat Ways f\u00f6r. Ways behandlar information under ledning av sina MetaShare-kunder och har ingen direkt relation till de individer vars personuppgifter det behandlar. Om du \u00e4r kund hos en av v\u00e5ra kunder och inte l\u00e4ngre vill bli kontaktad av en av v\u00e5ra kunder som anv\u00e4nder v\u00e5r tj\u00e4nst, v\u00e4nligen kontakta den kund som du interagerar med direkt. Vi kan komma att \u00f6verf\u00f6ra personlig information till f\u00f6retag f\u00f6r att hj\u00e4lpa oss tillhandah\u00e5lla v\u00e5r tj\u00e4nst. \u00d6verf\u00f6ringar av information till tredje part som en del av v\u00e5r MetaShare-tj\u00e4nst omfattas av serviceavtalen med v\u00e5ra MetaShare-kunder.<\/p>\n\n<h2 class=\"wp-block-heading\">\u00c5tkomst och lagring av data som kontrolleras av v\u00e5ra MetaShare-kunder<\/h2>\n\n<p>Ways har ingen direkt relation till de individer vars personuppgifter det behandlar f\u00f6r MetaShare-kunder. En individ som s\u00f6ker \u00e5tkomst, eller som f\u00f6rs\u00f6ker korrigera, \u00e4ndra eller radera felaktiga uppgifter b\u00f6r rikta sin fr\u00e5ga till MetaShare-kunden som \u00e4r ansvarig f\u00f6r uppgifterna. Om beg\u00e4ran avser att ta bort data fr\u00e5n v\u00e5r MetaShare-tj\u00e4nst kommer vi att svara inom en rimlig tidsram. Vi kommer att beh\u00e5lla personuppgifter som vi behandlar p\u00e5 uppdrag av v\u00e5ra MetaShare-kunder s\u00e5 l\u00e4nge det beh\u00f6vs f\u00f6r att tillhandah\u00e5lla tj\u00e4nster till dem. Ways kommer att beh\u00e5lla denna personliga information n\u00e4r det \u00e4r n\u00f6dv\u00e4ndigt f\u00f6r att uppfylla v\u00e5ra juridiska skyldigheter, l\u00f6sa tvister och uppr\u00e4tth\u00e5lla v\u00e5ra avtal.<\/p>\n\n<h2 class=\"wp-block-heading\" id=\"cookies\">Cookies och sp\u00e5rningstekniker<\/h2>\n\n<p>V\u00e5ra webbplatser kommer inte att st\u00e4lla in n\u00e5gra icke-n\u00f6dv\u00e4ndiga cookies vid bes\u00f6k. Du kan samtycka till anv\u00e4ndningen av cookies och annan sp\u00e5rningsteknik specificerad i v\u00e5rt <a href=\"#consent-change\">cookiemeddelande<\/a>. <strong>Du kan <a  href=\"#consent-change\" role=\"button\" id=\"rcb-sc-link-change\" data-success-message=\"\" class=\"rcb-sc-link rcb-sc-link-change \">\u00e4ndra<\/a> eller <a  href=\"#consent-revoke\" role=\"button\" id=\"rcb-sc-link-revoke\" data-success-message=\"You have successfully revoked the consent. The page will be reloaded now.\" class=\"rcb-sc-link rcb-sc-link-revoke \">\u00e5terkalla<\/a> ditt samtycke och <a  href=\"#consent-history\" role=\"button\" id=\"rcb-sc-link-history\" data-success-message=\"\" class=\"rcb-sc-link rcb-sc-link-history \">granska din samtyckeshistorik<\/a> n\u00e4r som helst<\/strong>.<\/p>\n\n<p>Teknik som cookies, beacons, taggar och skript anv\u00e4nds av oss och v\u00e5ra marknadsf\u00f6ringspartners, affiliates eller analys- eller tj\u00e4nsteleverant\u00f6rer. Dessa teknologier anv\u00e4nds f\u00f6r att analysera trender, administrera webbplatsen, sp\u00e5ra anv\u00e4ndarnas r\u00f6relser runt webbplatsen och f\u00f6r att samla in demografisk information om v\u00e5r anv\u00e4ndarbas. Vi kan f\u00e5 rapporter baserade p\u00e5 anv\u00e4ndningen av dessa tekniker av dessa f\u00f6retag p\u00e5 individuell s\u00e5v\u00e4l som aggregerad basis.<\/p>\n\n<h3 class=\"wp-block-heading\">Vad \u00e4r cookies?<\/h3>\n\n<p>Cookies \u00e4r textfiler som inneh\u00e5ller sm\u00e5 m\u00e4ngder information som laddas ner till din enhet n\u00e4r du bes\u00f6ker en webbplats. Cookies skickas sedan tillbaka till den ursprungliga webbplatsen vid varje efterf\u00f6ljande bes\u00f6k, eller till en annan webbplats som k\u00e4nner igen den cookien.<\/p>\n\n<p>Cookies till\u00e5ter en webbplats att identifiera en anv\u00e4ndares enhet n\u00e4r den anv\u00e4ndaren \u00e5terv\u00e4nder till webbplatsen och anv\u00e4nds ofta f\u00f6r att f\u00e5 webbplatser att fungera mer effektivt och berika anv\u00e4ndarupplevelsen, samt f\u00f6r att ge information till \u00e4garna av webbplatsen.<\/p>\n\n<p>Du kan hitta mer information om cookies p\u00e5: www.allaboutcookies.org och www.youronlinechoices.eu.<\/p>\n\n<p>Du kan l\u00e4ra dig mer om alla cookies vi anv\u00e4nder i v\u00e5rt <a href=\"#consent-change\">cookiemeddelande<\/a>.<\/p>\n\n<h3 class=\"wp-block-heading\">V\u00e5r anv\u00e4ndning av cookies<\/h3>\n\n<p>Med ditt samtycke samlar vi in information under ditt bes\u00f6k p\u00e5 v\u00e5r webbplats med hj\u00e4lp av cookies. Vi anv\u00e4nder dessa cookies av en m\u00e4ngd olika anledningar, oftast f\u00f6r att skilja dig fr\u00e5n andra anv\u00e4ndare av v\u00e5ra webbplatser och f\u00f6r att hj\u00e4lpa oss att sammanst\u00e4lla samlad statistik om anv\u00e4ndningen av v\u00e5ra webbplatser. Vi anv\u00e4nder ocks\u00e5 cookies f\u00f6r att hj\u00e4lpa oss att ge dig en positiv upplevelse n\u00e4r du surfar p\u00e5 v\u00e5r webbplats, f\u00f6r att f\u00f6rb\u00e4ttra v\u00e5rt inneh\u00e5ll och f\u00f6r att anpassa ditt bes\u00f6k.<\/p>\n\n<h3 class=\"wp-block-heading\">V\u00e5r anv\u00e4ndning av sp\u00e5rningspixlar<\/h3>\n\n<p>Vi kan ocks\u00e5 anv\u00e4nda en sp\u00e5rningsteknik som kallas sp\u00e5rningspixlar f\u00f6r att samla in information om ditt bes\u00f6k p\u00e5 v\u00e5r webbplats. Sp\u00e5rningspixlar \u00e4r sm\u00e5 bilder inb\u00e4ddade i webbinneh\u00e5ll och \u00e4r vanligtvis inte synliga f\u00f6r anv\u00e4ndare. Liksom cookies g\u00f6r den h\u00e4r tekniken det m\u00f6jligt f\u00f6r oss att sp\u00e5ra sidor och inneh\u00e5ll som anv\u00e4ndare p\u00e5 v\u00e5r webbplats har tillg\u00e5ng till och visat. V\u00e5ra sp\u00e5rningspixlar anv\u00e4nds ensamma eller i kombination med cookies. Eftersom denna teknik liknar cookies, \u00e4r dess anv\u00e4ndning beroende av ditt val av att acceptera eller avb\u00f6ja cookies.<\/p>\n\n<h3 class=\"wp-block-heading\">Andra webbplatser och cookies<\/h3>\n\n<p>V\u00e5r sida kan inneh\u00e5lla l\u00e4nkar till andra webbplatser eller &#8221;dela&#8221;, &#8221;gilla&#8221; eller andra liknande knappar. Dessa andra webbplatser, tj\u00e4nster och applikationer kan placera sina egna cookies p\u00e5 din dator, samla in data eller beg\u00e4ra personlig information. Du b\u00f6r h\u00e4nvisa till alla sekretesspolicyer som finns p\u00e5 s\u00e5dana webbplatser, tj\u00e4nster och applikationer f\u00f6r att f\u00f6rst\u00e5 hur din information kan samlas in och anv\u00e4ndas.<\/p>\n\n<h3 class=\"wp-block-heading\">Hur man kontrollerar cookies<\/h3>\n\n<p>Du kan kontrollera godk\u00e4nnandet fr\u00e5n v\u00e5rt <a href=\"#consent-change\">cookiemeddelande<\/a>. Observera att om du v\u00e4ljer att blockera alla cookies kanske du inte kan komma \u00e5t hela eller delar av v\u00e5r webbplats och kanske inte kan anv\u00e4nda dessa tj\u00e4nster eller delta i aktiviteter som kr\u00e4ver placering av cookies.<\/p>\n\n<h2 class=\"wp-block-heading\">Vilka \u00e4r mina alternativ?<\/h2>\n\n<h3 class=\"wp-block-heading\">V\u00e4lj bort<\/h3>\n\n<p>Anv\u00e4ndare som helst inte vill l\u00e4mna n\u00e5gon av de anv\u00e4ndardata som efterfr\u00e5gas i v\u00e5ra onlineformul\u00e4r ska helt enkelt inte fylla i formul\u00e4ret. Detta inneb\u00e4r att du inte kommer att ha tillg\u00e5ng till det inneh\u00e5llet. Observera att du fortfarande kan se en stor del av inneh\u00e5llet och anv\u00e4nda m\u00e5nga av de tj\u00e4nster som erbjuds p\u00e5 v\u00e5r webbplats utan att registrera dig. Du kan ocks\u00e5 v\u00e4lja och v\u00e4lja bort att ta emot vissa e-postmeddelanden fr\u00e5n oss genom att skicka e-post till oss p\u00e5 <a href=\"mailto:privacy@ways.se\">privacy@ways.se.<\/a>    N\u00e4r du, fr\u00e5n v\u00e5r webbplats, beg\u00e4r en gratis MetaShare-licens eller k\u00f6per en MetaShare-licens, kommer du automatiskt att v\u00e4lja att ta emot vissa e-postmeddelanden med information om produkten och dess utveckling. Du kommer dock n\u00e4r som helst att kunna v\u00e4lja bort dessa e-postmeddelanden genom att klicka p\u00e5 en l\u00e4nk f\u00f6r att v\u00e4lja bort. N\u00e4r du har avregistrerat dig kommer du inte l\u00e4ngre att f\u00e5 e-post i utvalda kategorier fr\u00e5n oss, f\u00f6rutom de som \u00e4r n\u00f6dv\u00e4ndiga f\u00f6r att administrera din organisations avtal med Ways.  <\/p>\n\n<h2 class=\"wp-block-heading\">Dina r\u00e4ttigheter<\/h2>\n\n<p>Som registrerad har du vissa r\u00e4ttigheter enligt GDPR.<\/p>\n\n<h3 class=\"wp-block-heading\">Att bli informerad<\/h3>\n\n<p>Den registrerade har r\u00e4tt att f\u00e5 information n\u00e4r hans eller hennes personuppgifter behandlas. Information om personuppgiftsbehandlingen ska l\u00e4mnas av den personuppgiftsansvarige b\u00e5de n\u00e4r uppgifterna samlas in och n\u00e4r den registrerade i \u00f6vrigt beg\u00e4r det.<\/p>\n\n<h3 class=\"wp-block-heading\">Den registrerades tillg\u00e5ng<\/h3>\n\n<p>Informationen ska tillhandah\u00e5llas den registrerade kostnadsfritt i l\u00e4ttillg\u00e4nglig, skriftlig form (som kan vara i elektronisk form) och vara formulerad p\u00e5 ett tydligt och enkelt spr\u00e5k. Vi kommer att ge dig tillg\u00e5ng till dina personuppgifter efter att du har bekr\u00e4ftat din identitet genom att skicka ett e-postmeddelande till <a href=\"mailto:privacy@ways.se\">privacy@ways.se<\/a>.<\/p>\n\n<h3 class=\"wp-block-heading\">Radering<\/h3>\n\n<p>Varje person har r\u00e4tt att kontakta ett f\u00f6retag eller en myndighet som behandlar personuppgifter och beg\u00e4ra att de uppgifter som r\u00f6r honom eller henne raderas. Det finns undantag fr\u00e5n r\u00e4tten till radering och skyldigheten att informera andra om det \u00e4r n\u00f6dv\u00e4ndigt f\u00f6r att tillgodose andra viktiga r\u00e4ttigheter s\u00e5som r\u00e4tten till yttrandefrihet och informationsfrihet, fullg\u00f6ra en r\u00e4ttslig f\u00f6rpliktelse, utf\u00f6ra en uppgift av allm\u00e4nt intresse eller som ett led i myndighetsut\u00f6vning.<\/p>\n\n<h3 class=\"wp-block-heading\">Begr\u00e4nsning av bearbetning<\/h3>\n\n<p>I vissa fall har enskilda r\u00e4tt att kr\u00e4va att behandlingen av deras personuppgifter begr\u00e4nsas. Med &#8221;begr\u00e4nsad&#8221; menas att uppgifterna flaggas s\u00e5 att de i framtiden endast f\u00e5r behandlas f\u00f6r vissa begr\u00e4nsade \u00e4ndam\u00e5l. N\u00e4r begr\u00e4nsningen upph\u00f6r att g\u00e4lla ska den registrerade informeras om detta.<\/p>\n\n<h3 class=\"wp-block-heading\">Dataportabilitet<\/h3>\n\n<p>Den som har l\u00e4mnat sina personuppgifter har i vissa fall r\u00e4tt att f\u00e5 ut och anv\u00e4nda sina personuppgifter p\u00e5 annat h\u00e5ll, t.ex. p\u00e5 en annan social medietj\u00e4nst (r\u00e4tt till dataportabilitet). Den enhet som mottagit personuppgifterna \u00e4r skyldig att underl\u00e4tta en s\u00e5dan \u00f6verf\u00f6ring av personuppgifter.<\/p>\n\n<h3 class=\"wp-block-heading\">R\u00e4tt att inv\u00e4nda<\/h3>\n\n<p>R\u00e4tten till inv\u00e4ndning g\u00e4ller n\u00e4r personuppgifter behandlas f\u00f6r att utf\u00f6ra en uppgift av allm\u00e4nt intresse, som ett led i myndighetsut\u00f6vning eller efter det att en intresseavv\u00e4gning har gjorts.<\/p>\n\n<p>Om den enskilde inv\u00e4nder mot behandlingen i s\u00e5dana fall f\u00e5r den personuppgiftsansvarige forts\u00e4tta att behandla uppgifterna endast om det kan visas att det finns tvingande ber\u00e4ttigade sk\u00e4l f\u00f6r att uppgifterna m\u00e5ste behandlas som v\u00e4ger tyngre \u00e4n den enskildes intressen, r\u00e4ttigheter och friheter eller om behandlingen sker f\u00f6r fastst\u00e4llande, ut\u00f6vande eller f\u00f6rsvar av r\u00e4ttsliga anspr\u00e5k.<\/p>\n\n<p>Den enskilde har alltid r\u00e4tt att inv\u00e4nda mot att hans eller hennes personuppgifter anv\u00e4nds f\u00f6r direkt marknadsf\u00f6ring. S\u00e5dana inv\u00e4ndningar kan g\u00f6ras n\u00e4r som helst. Om en inv\u00e4ndning mot direktmarknadsf\u00f6ring g\u00f6rs f\u00e5r personuppgifterna inte l\u00e4ngre behandlas f\u00f6r s\u00e5dana \u00e4ndam\u00e5l.<\/p>\n\n<h3 class=\"wp-block-heading\">Automatiserat beslutsfattande, inklusive profilering<\/h3>\n\n<p>Den enskilde har r\u00e4tt att inte bli f\u00f6rem\u00e5l f\u00f6r ett beslut som enbart grundas p\u00e5 n\u00e5gon form av automatiserat beslutsfattande, inklusive profilering, om beslutet kan f\u00e5 r\u00e4ttsliga f\u00f6ljder f\u00f6r den enskilde eller p\u00e5 liknande s\u00e4tt p\u00e5verkar honom eller henne i betydande grad.<\/p>\n\n<p>Automatiserat beslutsfattande f\u00e5r till\u00e5tas om det \u00e4r n\u00f6dv\u00e4ndigt f\u00f6r att ing\u00e5 eller fullg\u00f6ra ett avtal mellan den registrerade och den personuppgiftsansvarige eller om den enskilde har gett sitt uttryckliga samtycke. Det kan ocks\u00e5 vara till\u00e5tet enligt s\u00e4rskild lagstiftning.<\/p>\n\n<h2 class=\"wp-block-heading\">Hur vet jag om integritetspolicyn har \u00e4ndrats?<\/h2>\n\n<p>Eventuella \u00e4ndringar av v\u00e5r integritetspolicy kommer att \u00e5terspeglas f\u00f6rst inom detta omr\u00e5de av v\u00e5rt n\u00e4tverk av webbplatser. Om det sker en v\u00e4sentlig f\u00f6r\u00e4ndring av v\u00e5r integritestpolicy kommer vi att indikera p\u00e5 v\u00e5ra webbplatser att v\u00e5r integritetspolicy har \u00e4ndrats, och vi kommer att tillhandah\u00e5lla en l\u00e4nk till den nya integritetspolicyn innan den tr\u00e4der i kraft. Om vi kommer att anv\u00e4nda informationen som samlats in fr\u00e5n anv\u00e4ndare p\u00e5 ett s\u00e4tt som skiljer sig v\u00e4sentligt fr\u00e5n det som angavs vid tidpunkten f\u00f6r insamlingen, kommer vi att skicka ber\u00f6rda anv\u00e4ndare skriftligt meddelande om \u00e4ndringen.<\/p>\n\n<h2 class=\"wp-block-heading\" id=\"contact\">Fr\u00e5gor och kommentarer<\/h2>\n\n<p>Fr\u00e5gor ang\u00e5ende denna integritetspolicy ska skickas via e-post eller post till v\u00e5ra kontor p\u00e5:<br\/>Ways Sweden AB<br\/>Box 190<br\/>SE-10123 Stockholm<br\/>Sverige<\/p>\n\n<p>E-post: <a href=\"mailto:privacy@ways.se\">privacy@ways.se<\/a><\/p>\n","protected":false},"excerpt":{"rendered":"<p>L\u00e4s hur WAYS hanterar dina personuppgifter i enlighet med GDPR. Ta del av v\u00e5r integritetspolicy h\u00e4r!<\/p>\n","protected":false},"author":5,"featured_media":0,"parent":0,"menu_order":0,"comment_status":"closed","ping_status":"closed","template":"","meta":{"_acf_changed":false,"footnotes":""},"element-controls":[],"class_list":{"0":"post-14830","1":"page","2":"type-page","3":"status-publish","5":"no-featured-image-padding"},"acf":[],"_links":{"self":[{"href":"https:\/\/ways.se\/sv\/wp-json\/wp\/v2\/pages\/14830","targetHints":{"allow":["GET"]}}],"collection":[{"href":"https:\/\/ways.se\/sv\/wp-json\/wp\/v2\/pages"}],"about":[{"href":"https:\/\/ways.se\/sv\/wp-json\/wp\/v2\/types\/page"}],"author":[{"embeddable":true,"href":"https:\/\/ways.se\/sv\/wp-json\/wp\/v2\/users\/5"}],"replies":[{"embeddable":true,"href":"https:\/\/ways.se\/sv\/wp-json\/wp\/v2\/comments?post=14830"}],"version-history":[{"count":39,"href":"https:\/\/ways.se\/sv\/wp-json\/wp\/v2\/pages\/14830\/revisions"}],"predecessor-version":[{"id":45570,"href":"https:\/\/ways.se\/sv\/wp-json\/wp\/v2\/pages\/14830\/revisions\/45570"}],"wp:attachment":[{"href":"https:\/\/ways.se\/sv\/wp-json\/wp\/v2\/media?parent=14830"}],"wp:term":[{"taxonomy":"element-controls","embeddable":true,"href":"https:\/\/ways.se\/sv\/wp-json\/wp\/v2\/element-controls?post=14830"}],"curies":[{"name":"wp","href":"https:\/\/api.w.org\/{rel}","templated":true}]}}