{"id":15,"date":"2019-12-10T10:10:37","date_gmt":"2019-12-10T09:10:37","guid":{"rendered":"https:\/\/ways.se\/ways-affarsetiska-grundprinciper\/"},"modified":"2024-10-06T12:38:14","modified_gmt":"2024-10-06T10:38:14","slug":"etiska-principer","status":"publish","type":"page","link":"https:\/\/ways.se\/sv\/etiska-principer\/","title":{"rendered":"Etiska principer"},"content":{"rendered":"\n<p>V\u00e5ra v\u00e4rderingar och aff\u00e4rsetiska grundprinciper finns till f\u00f6r att s\u00e4kerst\u00e4lla att v\u00e5ra anst\u00e4llda, leverant\u00f6rer, kunder och andra intressenter behandlas p\u00e5 ett lagenligt, r\u00e4ttvist och korrekt s\u00e4tt. V\u00e5r verksamhet f\u00f6ljer nationella och internationella \u00f6verenskommelser och konventioner och vi \u00e4r medlemmar i bransch- och arbetsgivarorganisationen TechSverige.<\/p>\n\n\n\n<h2 class=\"wp-block-heading\">M\u00e5ngfald<\/h2>\n\n\n\n<p>Vi erbjuder alla individer lika m\u00f6jlighet till anst\u00e4llning. Vi arbetar f\u00f6r att fr\u00e4mja m\u00e5ngfald och motverka varje form av diskriminering. Ways medarbetare best\u00e5r av m\u00e5nga nationaliteter. V\u00e5rt arbete och aff\u00e4rer pr\u00e4glas av ett aktivt och dynamiskt m\u00e5ngfaldsarbete.<\/p>\n\n\n\n<h2 class=\"wp-block-heading\">En god arbetsplats<\/h2>\n\n\n\n<p>V\u00e5ra medarbetare \u00e4r viktiga f\u00f6r oss och vi v\u00e4rnar om den enskildes arbetssituation, h\u00e4lsa, trivsel och utveckling. Hos oss g\u00e4ller nolltolerans mot alla former av trakasserier. Vi ska tillsammans med varje medarbetare verka f\u00f6r en bra balans mellan arbete och fritid.<\/p>\n\n\n\n<h2 class=\"wp-block-heading\">H\u00e5llbar utveckling<\/h2>\n\n\n\n<p>Vi vill bidra till en h\u00e5llbar utveckling genom att alltid hush\u00e5lla med naturresurser och minimera v\u00e5ra avtryck. V\u00e5rt m\u00e5l \u00e4r att v\u00e5r verksamhet ska ha en s\u00e5 liten milj\u00f6p\u00e5verkan som m\u00f6jligt. Vi lyfter aktivt fram milj\u00f6nyttan med v\u00e5ra produkter och tj\u00e4nster i dialogen med v\u00e5ra kunder och vill p\u00e5 s\u00e5 s\u00e4tt vara en aktiv del i v\u00e5ra kunders h\u00e5llbarhetsarbete. Vi v\u00e4lkomnar initiativ fr\u00e5n medarbetare och kunder som utvecklar v\u00e5r aff\u00e4r i en fortsatt h\u00e5llbar riktning.<\/p>\n\n\n\n<h2 class=\"wp-block-heading\">Immateriella r\u00e4ttigheter<\/h2>\n\n\n\n<p>Vi ska f\u00f6lja och respektera till\u00e4mpliga nationella och internationella lagar och regler betr\u00e4ffande skydd f\u00f6r immateriella r\u00e4ttigheter. Detta inneb\u00e4r att vi respekterar andras immateriella r\u00e4ttigheter och levererar v\u00e5ra produkter och tj\u00e4nster utan obeh\u00f6rigt utnyttjande av skyddade r\u00e4ttigheter eller aff\u00e4rshemligheter.<\/p>\n\n\n\n<h2 class=\"wp-block-heading\">Barnarbete<\/h2>\n\n\n\n<p>Vi har nolltolerans f\u00f6r barnarbete och en l\u00e5ngsiktig ambition att bidra till att inga barn ska beh\u00f6va arbeta eller utnyttjas f\u00f6r annan parts ekonomiska vinning. Vi har processer f\u00f6r att s\u00e4kerst\u00e4lla att barnarbete inte f\u00f6rekommer hos v\u00e5ra kunder och leverant\u00f6rer.<\/p>\n\n\n\n<h2 class=\"wp-block-heading\">Mutor och bestickning<\/h2>\n\n\n\n<p>Vi ska bidra till ett samh\u00e4lle d\u00e4r det finns ett starkt f\u00f6rtroende f\u00f6r f\u00f6retag och f\u00f6retagande. Vi ska s\u00e5ledes str\u00e4va efter att fr\u00e4mja en h\u00f6g etisk niv\u00e5 i kommersiella relationer och motverkar aktivt mutor, bestickningar och korruption.<\/p>\n\n\n\n<h2 class=\"wp-block-heading\">Integritet<\/h2>\n\n\n\n<p>Vi vill uppr\u00e4tta och bevara en h\u00f6g tillit till branschen som helhet och v\u00e4rnar den personliga integriteten s\u00e5v\u00e4l som f\u00f6retags integritet vid anv\u00e4ndning av v\u00e5ra tj\u00e4nster och produkter. Detta inneb\u00e4r att vi hanterar uppgifter och data om individer med stor f\u00f6rsiktighet och arbetar f\u00f6r att f\u00f6rhindra l\u00e4ckor och spridning av k\u00e4nsliga uppgifter.&nbsp;<\/p>\n\n\n\n<p>L\u00e4s g\u00e4rna hela <a href=\"https:\/\/ways.se\/sv\/integritetspolicy\/\" data-type=\"page\" data-id=\"14830\">Ways integritetspolicy<\/a>.<\/p>\n\n\n\n<h2 class=\"wp-block-heading\">Konkurrens<\/h2>\n\n\n\n<p>Vi anser att fri konkurrens \u00e4r en f\u00f6ruts\u00e4ttning f\u00f6r tillv\u00e4xt och vill verka f\u00f6r sund konkurrens och god marknadsf\u00f6ringsed. Ways kommunikation ska alltid vara tydlig utan risk f\u00f6r att medvetet uppfattas som vilseledande eller tvetydig. Vi f\u00f6ljer TechSveriges konkurrensr\u00e4ttsliga riktlinjer.<\/p>\n","protected":false},"excerpt":{"rendered":"<p>V\u00e5ra v\u00e4rderingar och aff\u00e4rsetiska grundprinciper finns till f\u00f6r att s\u00e4kerst\u00e4lla att v\u00e5ra anst\u00e4llda, leverant\u00f6rer, kunder och andra intressenter behandlas p\u00e5 ett lagenligt, r\u00e4ttvist och korrekt s\u00e4tt. V\u00e5r verksamhet f\u00f6ljer nationella och internationella \u00f6verenskommelser och konventioner &#8230; <\/p>\n<p class=\"read-more-container\"><a title=\"Etiska principer\" class=\"read-more button\" href=\"https:\/\/ways.se\/sv\/etiska-principer\/\" aria-label=\"L\u00e4s mer om Etiska principer\">L\u00e4s mer<\/a><\/p>\n","protected":false},"author":5,"featured_media":0,"parent":0,"menu_order":0,"comment_status":"closed","ping_status":"closed","template":"","meta":{"_acf_changed":false,"footnotes":""},"element-controls":[104],"class_list":{"0":"post-15","1":"page","2":"type-page","3":"status-publish","5":"element-controls-single-column","6":"no-featured-image-padding"},"acf":[],"_links":{"self":[{"href":"https:\/\/ways.se\/sv\/wp-json\/wp\/v2\/pages\/15","targetHints":{"allow":["GET"]}}],"collection":[{"href":"https:\/\/ways.se\/sv\/wp-json\/wp\/v2\/pages"}],"about":[{"href":"https:\/\/ways.se\/sv\/wp-json\/wp\/v2\/types\/page"}],"author":[{"embeddable":true,"href":"https:\/\/ways.se\/sv\/wp-json\/wp\/v2\/users\/5"}],"replies":[{"embeddable":true,"href":"https:\/\/ways.se\/sv\/wp-json\/wp\/v2\/comments?post=15"}],"version-history":[{"count":11,"href":"https:\/\/ways.se\/sv\/wp-json\/wp\/v2\/pages\/15\/revisions"}],"predecessor-version":[{"id":44769,"href":"https:\/\/ways.se\/sv\/wp-json\/wp\/v2\/pages\/15\/revisions\/44769"}],"wp:attachment":[{"href":"https:\/\/ways.se\/sv\/wp-json\/wp\/v2\/media?parent=15"}],"wp:term":[{"taxonomy":"element-controls","embeddable":true,"href":"https:\/\/ways.se\/sv\/wp-json\/wp\/v2\/element-controls?post=15"}],"curies":[{"name":"wp","href":"https:\/\/api.w.org\/{rel}","templated":true}]}}