{"id":15828,"date":"2023-08-22T13:30:29","date_gmt":"2023-08-22T11:30:29","guid":{"rendered":"https:\/\/ways.se\/?page_id=15828"},"modified":"2026-04-16T09:43:14","modified_gmt":"2026-04-16T07:43:14","slug":"var-losning-rationaliserar-din-affar","status":"publish","type":"page","link":"https:\/\/ways.se\/sv\/","title":{"rendered":"Vi hj\u00e4lper dig maximera nyttan av Microsoft&nbsp;365"},"content":{"rendered":"<div class=\"gb-container gb-container-0169b58a hero\">\n<div class=\"gb-container gb-container-6d91e5f4 hero-overlay\">\n<div class=\"gb-container gb-container-c319bd42 hero-content hero-content-merged-with-header\">\n<h1 class=\"gb-headline gb-headline-bb0014ce gb-headline-text\">Vi hj\u00e4lper dig maximera nyttan av Microsoft&nbsp;365<\/h1>\n<\/div>\n<\/div>\n<\/div>\n\n<div class=\"gb-container gb-container-d2ea7c74 preamble\">\n<div class=\"gb-container gb-container-aa32f562 preamble-inner\"><div class=\"gb-inside-container\">\n\n<p>V\u00e5r expertis ligger i att extrahera varje uns av nytta av Microsofts omfattande ekosystem och applikationer. I v\u00e5ra h\u00e4nder blir Microsoft 365 inte enbart ett verktyg, det f\u00f6rvandlas till en dynamisk kraft som driver produktivitet och tillv\u00e4xt.<\/p>\n\n\n\n<p>Vi hj\u00e4lper v\u00e5ra kunder att skr\u00e4ddarsy SharePoint- och Teams enligt specifika krav, och att s\u00e4kra information, s\u00e4kerst\u00e4lla effektiv hantering av processfl\u00f6den och maximera anv\u00e4ndningen av AI-tj\u00e4nster. <\/p>\n\n\n\n<div class=\"wp-block-buttons is-layout-flex wp-block-buttons-is-layout-flex\">\n<div class=\"wp-block-button\"><a class=\"wp-block-button__link wp-element-button\" href=\"https:\/\/metashare.com\/sv\/\" target=\"_blank\" rel=\"noreferrer noopener\">Uppt\u00e4ck MetaShare<\/a><\/div>\n\n\n\n<div class=\"wp-block-button\"><a class=\"wp-block-button__link has-text-bright-color has-accent-1-background-color has-text-color has-background has-link-color wp-element-button\" href=\"https:\/\/ways.se\/sv\/vara-tjanster\/\">V\u00e5ra tj\u00e4nster<\/a><\/div>\n\n\n\n<div class=\"wp-block-button\"><a class=\"wp-block-button__link has-text-bright-color has-accent-1-background-color has-text-color has-background has-link-color wp-element-button\" href=\"https:\/\/ways.se\/sv\/insikter\/#webbinarier\">V\u00e5ra webbinarier<\/a><\/div>\n<\/div>\n\n<\/div><\/div>\n<\/div>\n\n<div class=\"gb-container gb-container-36ee8d5b gb-container-contained\"><div class=\"gb-inside-container\">\n<div class=\"gb-grid-wrapper gb-grid-wrapper-795941dd\">\n<div class=\"gb-grid-column gb-grid-column-d6c02466\"><div class=\"gb-container gb-container-d6c02466\"><div class=\"gb-inside-container\">\n\n<h2 class=\"wp-block-heading\">MetaShare \u00e4r expert p\u00e5 att:<\/h2>\n\n\n\n<p class=\"gb-headline gb-headline-2df81c95 gb-headline-icon-inline\"><span class=\"gb-icon\"><svg viewBox=\"0 0 22.578 20.462\" xmlns=\"http:\/\/www.w3.org\/2000\/svg\"><path d=\"M19.756 14.111a.352.352 0 0 1-.29-.15l-2.469-3.528a.352.352 0 0 1 .29-.555h.696a6.711 6.711 0 0 0-6.694-6.35 6.676 6.676 0 0 0-5.988 3.686l-.63-.317a7.377 7.377 0 0 1 6.618-4.075c4.085 0 7.408 3.324 7.408 7.409a.352.352 0 0 1-.352.352h-.381l1.792 2.56 1.791-2.56h-.38a.352.352 0 0 1-.353-.352c0-5.253-4.273-9.525-9.525-9.525a9.538 9.538 0 0 0-7.818 4.082l-.578-.404A10.246 10.246 0 0 1 11.289 0c5.523 0 10.038 4.4 10.225 9.878h.711a.352.352 0 0 1 .289.555l-2.47 3.527a.352.352 0 0 1-.288.151M11.289 20.461c-5.523 0-10.038-4.4-10.225-9.878H.353a.352.352 0 0 1-.289-.555l2.47-3.527c.132-.19.445-.19.577 0l2.47 3.527a.352.352 0 0 1-.29.555h-.696a6.711 6.711 0 0 0 6.694 6.35 6.676 6.676 0 0 0 5.988-3.686l.63.317a7.377 7.377 0 0 1-6.618 4.075c-4.085 0-7.408-3.324-7.408-7.408 0-.196.157-.353.352-.353h.381l-1.792-2.56-1.791 2.56h.38c.195 0 .353.157.353.353 0 5.252 4.273 9.525 9.525 9.525a9.54 9.54 0 0 0 7.818-4.083l.579.404a10.246 10.246 0 0 1-8.397 4.384\"><\/path><path d=\"M11.289 7.056a3.178 3.178 0 0 0-3.175 3.175 3.178 3.178 0 0 0 3.175 3.175 3.178 3.178 0 0 0 3.175-3.175 3.178 3.178 0 0 0-3.175-3.175zm0 7.055a3.885 3.885 0 0 1-3.88-3.88c0-2.14 1.74-3.881 3.88-3.881 2.14 0 3.88 1.741 3.88 3.88 0 2.14-1.74 3.881-3.88 3.881\"><\/path><path d=\"M11.642 10.583h-.706v-.705h.706v.705M10.23 10.583h-.705v-.705h.706v.705M13.053 10.583h-.706v-.705h.706v.705\"><\/path><\/svg><\/span><span class=\"gb-headline-text\">Automatisera processer<\/span><\/p>\n\n\n\n<p class=\"gb-headline gb-headline-98bcfce6 gb-headline-icon-inline\"><span class=\"gb-icon\"><svg viewBox=\"0 0 22.578 22.578\" xmlns=\"http:\/\/www.w3.org\/2000\/svg\"><path d=\"M6.35 21.872h9.878V10.377l-1.91-1.91H6.35Zm10.584.706H5.644V7.76h8.966l2.324 2.324v12.493\"><\/path><path d=\"M16.58 10.583h-2.469v-2.47h.706v1.765h1.764v.705\"><\/path><path d=\"M17.992 14.817h-.353v-.706h.353c2.14 0 3.88-1.74 3.88-3.88 0-2.012-1.364-3.528-3.175-3.528h-.352V6.35c0-1.365-.742-2.822-2.823-2.822h-.56l-.101-.182c-.916-1.653-2.647-2.64-4.63-2.64a5.298 5.298 0 0 0-5.292 5.291v.353h-.353a3.885 3.885 0 0 0-3.88 3.88c0 2.14 1.74 3.881 3.88 3.881h.353v.706h-.353A4.591 4.591 0 0 1 0 10.23a4.592 4.592 0 0 1 4.243-4.574A6.004 6.004 0 0 1 10.23 0c2.17 0 4.077 1.05 5.142 2.822h.15c2.028 0 3.376 1.24 3.516 3.19 2.04.176 3.539 1.93 3.539 4.219a4.591 4.591 0 0 1-4.586 4.586M10.23 19.05h-.705v-.706h.706v.706M11.642 19.05h-.706v-.706h.706v.706M13.053 19.05h-.706v-.706h.706v.706\"><\/path><path d=\"M15.522 21.167H7.056V9.172h6.35v.706H7.76V20.46h7.056V11.29h.705v9.878\"><\/path><\/svg><\/span><span class=\"gb-headline-text\">F\u00f6rhindra dubbletter<\/span><\/p>\n\n\n\n<p class=\"gb-headline gb-headline-2ed292d8 gb-headline-icon-inline\"><span class=\"gb-icon\"><svg viewBox=\"0 0 60 64\" xmlns=\"http:\/\/www.w3.org\/2000\/svg\"><g data-name=\"Lager 2\" id=\"Lager_2\"><g id=\"icons\"><path d=\"M30,42a5,5,0,1,1,5-5A5,5,0,0,1,30,42Zm0-8a3,3,0,1,0,3,3A3,3,0,0,0,30,34Z\" class=\"cls-1\"><\/path><path d=\"M37,50H32a1,1,0,0,1-.83-.45L30,47.8l-1.17,1.75A1,1,0,0,1,28,50H23V48h4.46l1.71-2.56a1,1,0,0,1,1.66,0L32.54,48H37Z\" class=\"cls-1\"><\/path><path d=\"M31,64H20a4,4,0,0,1-4-4,1,1,0,0,1,.29-.71l7-7,1.42,1.42L18,60.38A2,2,0,0,0,20,62H31a1,1,0,0,0,0-2H23V58h8a3,3,0,0,1,0,6Z\" class=\"cls-1\"><\/path><path d=\"M40,64H36V62h4a2,2,0,0,0,2-1.62l-6.67-6.67,1.42-1.42,7,7A1,1,0,0,1,44,60,4,4,0,0,1,40,64Z\" class=\"cls-1\"><\/path><path d=\"M38,54H22a4,4,0,0,1-4-4,1.09,1.09,0,0,1,.13-.5l4-7a1,1,0,0,1,.6-.46l7-2a1,1,0,0,1,.54,0l7,2a1,1,0,0,1,.6.46l4,7A1.09,1.09,0,0,1,42,50,4,4,0,0,1,38,54ZM20,50.24A2,2,0,0,0,22,52H38a2,2,0,0,0,2-1.76l-3.66-6.39L30,42l-6.33,1.81Z\" class=\"cls-1\"><\/path><path d=\"M44.48,56.28l-1-1.75a28,28,0,1,0-27,0l-1,1.75a30,30,0,1,1,29,0Z\" class=\"cls-1\"><\/path><rect height=\"2\" width=\"2\" y=\"28\" x=\"29\" class=\"cls-1\"><\/rect><rect height=\"2\" width=\"2\" y=\"24\" x=\"29\" class=\"cls-1\"><\/rect><rect height=\"2\" width=\"2\" y=\"20\" x=\"29\" class=\"cls-1\"><\/rect><\/g><\/g><\/svg><\/span><span class=\"gb-headline-text\">Sortera bort irrelevant material<\/span><\/p>\n\n\n\n<p class=\"gb-headline gb-headline-96044963 gb-headline-icon-inline\"><span class=\"gb-icon\"><svg viewBox=\"0 0 22.49 22.49\" xmlns=\"http:\/\/www.w3.org\/2000\/svg\"><path d=\"M17.992 14.817h-2.823v-.706h2.823c2.14 0 3.88-1.74 3.88-3.88 0-2.012-1.365-3.528-3.175-3.528h-.353V6.35c0-1.364-.741-2.822-2.822-2.822h-.56l-.101-.182c-.916-1.653-2.647-2.64-4.63-2.64a5.298 5.298 0 0 0-5.292 5.291v.353h-.353a3.885 3.885 0 0 0-3.88 3.88c0 2.14 1.74 3.881 3.88 3.881h2.822v.706H4.586A4.591 4.591 0 0 1 0 10.23a4.592 4.592 0 0 1 4.243-4.574A6.004 6.004 0 0 1 10.23 0c2.17 0 4.077 1.05 5.142 2.822h.15c2.027 0 3.376 1.24 3.515 3.19 2.04.176 3.54 1.93 3.54 4.219a4.591 4.591 0 0 1-4.586 4.586\"><\/path><path d=\"M11.289 4.233a4.944 4.944 0 0 0-4.939 4.94 4.944 4.944 0 0 0 4.939 4.938 4.944 4.944 0 0 0 4.939-4.939 4.944 4.944 0 0 0-4.94-4.939zm0 10.584a5.651 5.651 0 0 1-5.645-5.645 5.651 5.651 0 0 1 5.645-5.644 5.651 5.651 0 0 1 5.644 5.644 5.651 5.651 0 0 1-5.644 5.645\"><\/path><path d=\"M11.289 5.997a3.178 3.178 0 0 0-3.175 3.175 3.178 3.178 0 0 0 3.175 3.175 3.178 3.178 0 0 0 3.175-3.175 3.178 3.178 0 0 0-3.175-3.175zm0 7.056a3.885 3.885 0 0 1-3.88-3.88c0-2.14 1.74-3.881 3.88-3.881 2.14 0 3.88 1.74 3.88 3.88 0 2.14-1.74 3.88-3.88 3.88\"><\/path><path d=\"M9.878 9.172h-.706c0-1.167.95-2.116 2.117-2.116v.705c-.778 0-1.411.633-1.411 1.411M11.289 22.578a1.766 1.766 0 0 1-1.764-1.764V14.11h.706v6.703a1.06 1.06 0 0 0 1.058 1.058 1.06 1.06 0 0 0 1.058-1.058V14.11h.706v6.703c0 .972-.792 1.764-1.764 1.764\"><\/path><path d=\"M11.642 17.639h-.706v-.706h.706v.706M11.642 19.05h-.706v-.706h.706v.706M11.642 20.461h-.706v-.705h.706v.705\"><\/path><\/svg><\/span><span class=\"gb-headline-text\">Hitta dokument oavsett namn, plats eller ursprung<\/span><\/p>\n\n\n\n<p class=\"gb-headline gb-headline-dfb945b8 gb-headline-icon-inline\"><span class=\"gb-icon\"><svg viewBox=\"0 0 22.578 22.578\" xmlns=\"http:\/\/www.w3.org\/2000\/svg\"><path d=\"M17.992 14.817v-.706c2.14 0 3.88-1.74 3.88-3.88 0-2.012-1.365-3.528-3.175-3.528h-.353V6.35c0-1.364-.741-2.822-2.822-2.822h-.56l-.101-.182c-.916-1.653-2.647-2.64-4.63-2.64a5.298 5.298 0 0 0-5.292 5.291v.353h-.353a3.885 3.885 0 0 0-3.88 3.88c0 2.14 1.74 3.881 3.88 3.881v.706A4.591 4.591 0 0 1 0 10.23a4.592 4.592 0 0 1 4.243-4.574A6.004 6.004 0 0 1 10.23 0c2.17 0 4.077 1.05 5.142 2.822h.15c2.027 0 3.376 1.24 3.515 3.19 2.04.176 3.54 1.93 3.54 4.219a4.591 4.591 0 0 1-4.586 4.586\"><\/path><path d=\"M6.703 12.7a.706.706 0 0 0-.706.706v7.76c0 .39.317.706.706.706h9.172c.39 0 .706-.316.706-.705v-7.761a.706.706 0 0 0-.706-.706Zm9.172 9.878H6.703a1.413 1.413 0 0 1-1.411-1.411v-7.761c0-.779.633-1.412 1.41-1.412h9.173c.778 0 1.411.633 1.411 1.412v7.76c0 .779-.633 1.412-1.411 1.412\"><\/path><path d=\"M11.642 14.817h-.706v-.706h.706v.706M13.053 14.817h-.706v-.706h.706v.706M10.23 14.817h-.705v-.706h.706v.706M6.247 20.358l-.5-.5 2.117-2.116.5.5-2.117 2.116M9.069 20.358l-.499-.5 2.117-2.116.499.5-2.117 2.116M11.891 20.358l-.499-.5 2.117-2.116.499.5-2.117 2.116M14.713 20.358l-.499-.5 2.117-2.116.499.5-2.117 2.116\"><\/path><path d=\"M16.933 18.344H5.644v-.705h11.29v.705M16.933 20.461H5.644v-.705h11.29v.705M13.758 12.347h-.705V9.525c0-.973-.792-1.764-1.764-1.764-.973 0-1.764.791-1.764 1.764v2.822h-.706V9.525a2.473 2.473 0 0 1 2.47-2.47 2.473 2.473 0 0 1 2.47 2.47v2.822\"><\/path><path d=\"M15.875 12.347h-.706V9.525c0-2.14-1.74-3.88-3.88-3.88a3.885 3.885 0 0 0-3.88 3.88v2.822h-.706V9.525a4.591 4.591 0 0 1 4.586-4.586 4.591 4.591 0 0 1 4.586 4.586v2.822\"><\/path><\/svg><\/span><span class=\"gb-headline-text\">F\u00f6rhindra spridning av k\u00e4nslig information<\/span><\/p>\n\n\n\n<p class=\"gb-headline gb-headline-f0cc4fd2 gb-headline-icon-inline\"><span class=\"gb-icon\"><svg viewBox=\"0 0 22.578 22.578\" xmlns=\"http:\/\/www.w3.org\/2000\/svg\"><path d=\"M16.228 22.578h-.706v-4.586h2.47c.972 0 1.764-.792 1.764-1.764V12.7h2.116v-.275l-2.116-4.586V7.76A7.064 7.064 0 0 0 12.7.706a7.016 7.016 0 0 0-6.011 3.36l-.601-.37A7.718 7.718 0 0 1 12.7 0c4.253 0 7.719 3.44 7.76 7.683l2.118 4.587v1.136H20.46v2.822a2.472 2.472 0 0 1-2.47 2.47h-1.763v3.88M8.467 22.578H7.76v-4.234c0-1.627-.634-3.147-1.306-4.756A63.985 63.985 0 0 1 6 12.477l.656-.26c.147.371.3.737.45 1.1.7 1.675 1.36 3.258 1.36 5.027v4.234\"><\/path><path d=\"M15.875 18.697h-1.058v-.705h1.058v.705M16.228 10.583H14.11V8.467h.706v1.41h.705v-1.41h.706V7.76H8.467v-.705h8.466v2.116h-.705v1.411M3.88 4.939A3.179 3.179 0 0 0 .707 8.114a3.178 3.178 0 0 0 3.175 3.175 3.178 3.178 0 0 0 3.175-3.175A3.179 3.179 0 0 0 3.88 4.939zm0 7.055c-2.139 0-3.88-1.74-3.88-3.88 0-2.14 1.741-3.88 3.88-3.88 2.14 0 3.881 1.74 3.881 3.88 0 2.14-1.74 3.88-3.88 3.88\"><\/path><path d=\"M2.822 7.408a.706.706 0 1 0 .002 1.413.706.706 0 0 0-.002-1.413zm0 2.117a1.413 1.413 0 0 1-1.41-1.411c0-.778.632-1.411 1.41-1.411.778 0 1.411.633 1.411 1.41 0 .78-.633 1.412-1.41 1.412M13.406 9.172H7.408v-.705h5.998v.705M16.933 6.35h-.705v-.706h.705v.706M15.522 6.35h-.705v-.706h.705v.706M14.111 6.35h-.705v-.706h.705v.706\"><\/path><\/svg><\/span><span class=\"gb-headline-text\">G\u00f6ra upplevelsen snygg, snabb och smidig<\/span><\/p>\n\n\n\n<div class=\"wp-block-buttons is-layout-flex wp-block-buttons-is-layout-flex\">\n<div class=\"wp-block-button\"><a class=\"wp-block-button__link wp-element-button\" href=\"https:\/\/metashare.com\/sv\/visa-demo\/\" target=\"_blank\" rel=\"noreferrer noopener\">Se demo<\/a><\/div>\n<\/div>\n\n<\/div><\/div><\/div>\n\n<div class=\"gb-grid-column gb-grid-column-a9a41ab4\"><div class=\"gb-container gb-container-a9a41ab4\"><div class=\"gb-inside-container\"><\/div><\/div><\/div>\n<\/div>\n<\/div><\/div>\n\n<div class=\"gb-container gb-container-cb7d26d8 gb-container-contained\"><div class=\"gb-inside-container\">\n\n<h2 class=\"wp-block-heading has-text-align-center screen-reader-text\">Kundcase<\/h2>\n\n\n<div class=\"gb-container gb-container-3bec4ec0\">\n<div class=\"gb-grid-wrapper gb-grid-wrapper-58ee28ee gb-grid-wrapper-small\">\n<div class=\"gb-grid-column gb-grid-column-3cfde691\"><div class=\"gb-container gb-container-3cfde691\">\n<div class=\"wp-block-image\">\n<figure class=\"aligncenter size-large is-resized\"><a href=\"https:\/\/metashare.com\/sv\/kundcase\/pts\/\" target=\"_blank\" rel=\"noreferrer noopener\"><img decoding=\"async\" src=\"https:\/\/metashare.com\/wp-content\/uploads\/\/pts.svg\" alt=\"Post- och telestyrelsen\" class=\"wp-image-12182\" style=\"width:auto;height:80px\"\/><\/a><\/figure>\n<\/div>\n<\/div><\/div>\n\n<div class=\"gb-grid-column gb-grid-column-c3995845\"><div class=\"gb-container gb-container-c3995845\">\n<div class=\"wp-block-image\">\n<figure class=\"aligncenter size-large is-resized\"><a href=\"https:\/\/metashare.com\/sv\/kundcase\/rabbalshede-kraft\/\" target=\"_blank\" rel=\"noreferrer noopener\"><img decoding=\"async\" src=\"https:\/\/metashare.com\/wp-content\/uploads\/rabbalshede_kraft_stand.svg\" alt=\"Rabbalshede Kraft\" class=\"wp-image-97042\" style=\"width:auto;height:80px\"\/><\/a><\/figure>\n<\/div>\n<\/div><\/div>\n\n<div class=\"gb-grid-column gb-grid-column-c7b0a97b\"><div class=\"gb-container gb-container-c7b0a97b\">\n<div class=\"wp-block-image\">\n<figure class=\"aligncenter size-full is-resized\"><a href=\"https:\/\/metashare.com\/sv\/kundcase\/hsb\/\" target=\"_blank\" rel=\"noreferrer noopener\"><img loading=\"lazy\" decoding=\"async\" width=\"280\" height=\"195\" src=\"https:\/\/metashare.com\/wp-content\/uploads\/hsb_sv_280px.png\" alt=\"HSB - D\u00e4r m\u00f6jligheterna bor\" class=\"wp-image-15070\" style=\"width:auto;height:80px\"\/><\/a><\/figure>\n<\/div>\n<\/div><\/div>\n\n<div class=\"gb-grid-column gb-grid-column-1e1a374e\"><div class=\"gb-container gb-container-1e1a374e\">\n<div class=\"wp-block-image\">\n<figure class=\"aligncenter size-large is-resized\"><a href=\"https:\/\/metashare.com\/sv\/kundcase\/afa-fastigheter\/\" target=\"_blank\" rel=\"noreferrer noopener\"><img decoding=\"async\" src=\"https:\/\/metashare.com\/wp-content\/uploads\/\/afa-fastigheter.svg\" alt=\"afa fastigheter\" class=\"wp-image-12254\" style=\"width:auto;height:80px\"\/><\/a><\/figure>\n<\/div>\n<\/div><\/div>\n\n<div class=\"gb-grid-column gb-grid-column-a8bfae2d\"><div class=\"gb-container gb-container-a8bfae2d\">\n<div class=\"wp-block-image\">\n<figure class=\"aligncenter size-large is-resized\"><a href=\"https:\/\/metashare.com\/sv\/kundcase\/finansforbundet\/\" target=\"_blank\" rel=\"noreferrer noopener\"><img decoding=\"async\" src=\"https:\/\/metashare.com\/wp-content\/uploads\/\/finansforbundet.svg\" alt=\"Finansf\u00f6rbundet\" class=\"wp-image-12185\" style=\"width:auto;height:48px\"\/><\/a><\/figure>\n<\/div>\n<\/div><\/div>\n\n<div class=\"gb-grid-column gb-grid-column-2b939e90\"><div class=\"gb-container gb-container-2b939e90\">\n\n<figure class=\"wp-block-image size-large is-resized\"><a href=\"https:\/\/metashare.com\/sv\/kundcase\/castellum\/\" target=\"_blank\" rel=\"noreferrer noopener\"><img decoding=\"async\" src=\"https:\/\/metashare.com\/wp-content\/uploads\/castellum.svg\" alt=\"Castellum\" class=\"wp-image-97161\" style=\"width:auto;height:48px\"\/><\/a><\/figure>\n\n<\/div><\/div>\n\n<div class=\"gb-grid-column gb-grid-column-cce6132b\"><div class=\"gb-container gb-container-cce6132b\">\n\n<p><a href=\"https:\/\/metashare.com\/sv\/kundcase\/\" target=\"_blank\" rel=\"noreferrer noopener\"><strong>Fler kundcase<\/strong><\/a><\/p>\n\n<\/div><\/div>\n<\/div>\n<\/div>\n\n<div class=\"gb-container gb-container-cf047552\">\n<div class=\"gb-grid-wrapper gb-grid-wrapper-ea0f71bd gb-grid-wrapper-small\">\n<div class=\"gb-grid-column gb-grid-column-17ed4fb8\"><div class=\"gb-container gb-container-17ed4fb8\">\n<div class=\"wp-block-image\">\n<figure class=\"aligncenter size-large is-resized\"><a href=\"https:\/\/metashare.com\/sv\/kundcase\/pts\/\" target=\"_blank\" rel=\"noreferrer noopener\"><img decoding=\"async\" src=\"https:\/\/metashare.com\/wp-content\/uploads\/\/pts.svg\" alt=\"Post- och telestyrelsen\" class=\"wp-image-12182\" style=\"width:140px\"\/><\/a><\/figure>\n<\/div>\n<\/div><\/div>\n\n<div class=\"gb-grid-column gb-grid-column-028f52f1\"><div class=\"gb-container gb-container-028f52f1\">\n<div class=\"wp-block-image\">\n<figure class=\"aligncenter size-large is-resized\"><a href=\"https:\/\/metashare.com\/sv\/kundcase\/rabbalshede-kraft\/\" target=\"_blank\" rel=\"noreferrer noopener\"><img decoding=\"async\" src=\"https:\/\/metashare.com\/wp-content\/uploads\/rabbalshede_kraft_stand.svg\" alt=\"Rabbalshede Kraft\" class=\"wp-image-97042\" style=\"width:140px\"\/><\/a><\/figure>\n<\/div>\n<\/div><\/div>\n\n<div class=\"gb-grid-column gb-grid-column-afcd47dc\"><div class=\"gb-container gb-container-afcd47dc\">\n<div class=\"wp-block-image\">\n<figure class=\"aligncenter size-full is-resized\"><a href=\"https:\/\/metashare.com\/sv\/kundcase\/hsb\/\" target=\"_blank\" rel=\"noreferrer noopener\"><img loading=\"lazy\" decoding=\"async\" width=\"280\" height=\"195\" src=\"https:\/\/metashare.com\/wp-content\/uploads\/hsb_sv_280px.png\" alt=\"HSB - D\u00e4r m\u00f6jligheterna bor\" class=\"wp-image-15070\" style=\"width:140px\"\/><\/a><\/figure>\n<\/div>\n<\/div><\/div>\n\n<div class=\"gb-grid-column gb-grid-column-26d855a2\"><div class=\"gb-container gb-container-26d855a2\">\n<div class=\"wp-block-image\">\n<figure class=\"aligncenter size-large is-resized\"><a href=\"https:\/\/metashare.com\/sv\/kundcase\/afa-fastigheter\/\" target=\"_blank\" rel=\"noreferrer noopener\"><img decoding=\"async\" src=\"https:\/\/metashare.com\/wp-content\/uploads\/\/afa-fastigheter.svg\" alt=\"afa fastigheter\" class=\"wp-image-12254\" style=\"width:140px\"\/><\/a><\/figure>\n<\/div>\n<\/div><\/div>\n\n<div class=\"gb-grid-column gb-grid-column-a5198450\"><div class=\"gb-container gb-container-a5198450\">\n<div class=\"wp-block-image\">\n<figure class=\"aligncenter size-large is-resized\"><a href=\"https:\/\/metashare.com\/sv\/kundcase\/finansforbundet\/\" target=\"_blank\" rel=\"noreferrer noopener\"><img decoding=\"async\" src=\"https:\/\/metashare.com\/wp-content\/uploads\/\/finansforbundet.svg\" alt=\"Finansf\u00f6rbundet\" class=\"wp-image-12185\" style=\"width:140px\"\/><\/a><\/figure>\n<\/div>\n<\/div><\/div>\n\n<div class=\"gb-grid-column gb-grid-column-88659693\"><div class=\"gb-container gb-container-88659693\">\n\n<figure class=\"wp-block-image size-large is-resized\"><a href=\"https:\/\/metashare.com\/sv\/kundcase\/castellum\/\" target=\"_blank\" rel=\"noreferrer noopener\"><img decoding=\"async\" src=\"https:\/\/metashare.com\/wp-content\/uploads\/castellum.svg\" alt=\"Castellum\" class=\"wp-image-97161\" style=\"width:140px\"\/><\/a><\/figure>\n\n<\/div><\/div>\n\n<div class=\"gb-grid-column gb-grid-column-e9e41482\"><div class=\"gb-container gb-container-e9e41482\">\n\n<p><a href=\"https:\/\/metashare.com\/sv\/kundcase\/\" target=\"_blank\" rel=\"noreferrer noopener\"><strong>Fler kundcase<\/strong><\/a><\/p>\n\n<\/div><\/div>\n<\/div>\n<\/div>\n<\/div><\/div>","protected":false},"excerpt":{"rendered":"<p>Vi hj\u00e4lper dig maximera nyttan av Microsoft&nbsp;365 V\u00e5r expertis ligger i att extrahera varje uns av nytta av Microsofts omfattande ekosystem och applikationer. I v\u00e5ra h\u00e4nder blir Microsoft 365 inte enbart ett verktyg, det f\u00f6rvandlas &#8230; <\/p>\n<p class=\"read-more-container\"><a title=\"Vi hj\u00e4lper dig maximera nyttan av Microsoft&nbsp;365\" class=\"read-more button\" href=\"https:\/\/ways.se\/sv\/\" aria-label=\"L\u00e4s mer om Vi hj\u00e4lper dig maximera nyttan av Microsoft&nbsp;365\">L\u00e4s mer<\/a><\/p>\n","protected":false},"author":8,"featured_media":11681,"parent":0,"menu_order":0,"comment_status":"closed","ping_status":"closed","template":"","meta":{"_acf_changed":false,"footnotes":""},"element-controls":[105],"class_list":{"0":"post-15828","1":"page","2":"type-page","3":"status-publish","4":"has-post-thumbnail","6":"element-controls-hero","7":"no-featured-image-padding"},"acf":[],"_links":{"self":[{"href":"https:\/\/ways.se\/sv\/wp-json\/wp\/v2\/pages\/15828","targetHints":{"allow":["GET"]}}],"collection":[{"href":"https:\/\/ways.se\/sv\/wp-json\/wp\/v2\/pages"}],"about":[{"href":"https:\/\/ways.se\/sv\/wp-json\/wp\/v2\/types\/page"}],"author":[{"embeddable":true,"href":"https:\/\/ways.se\/sv\/wp-json\/wp\/v2\/users\/8"}],"replies":[{"embeddable":true,"href":"https:\/\/ways.se\/sv\/wp-json\/wp\/v2\/comments?post=15828"}],"version-history":[{"count":33,"href":"https:\/\/ways.se\/sv\/wp-json\/wp\/v2\/pages\/15828\/revisions"}],"predecessor-version":[{"id":46387,"href":"https:\/\/ways.se\/sv\/wp-json\/wp\/v2\/pages\/15828\/revisions\/46387"}],"wp:featuredmedia":[{"embeddable":true,"href":"https:\/\/ways.se\/sv\/wp-json\/wp\/v2\/media\/11681"}],"wp:attachment":[{"href":"https:\/\/ways.se\/sv\/wp-json\/wp\/v2\/media?parent=15828"}],"wp:term":[{"taxonomy":"element-controls","embeddable":true,"href":"https:\/\/ways.se\/sv\/wp-json\/wp\/v2\/element-controls?post=15828"}],"curies":[{"name":"wp","href":"https:\/\/api.w.org\/{rel}","templated":true}]}}