{"id":223,"date":"2019-12-10T13:25:35","date_gmt":"2019-12-10T12:25:35","guid":{"rendered":"https:\/\/ways.se\/kontakta-ways\/"},"modified":"2025-04-22T08:34:39","modified_gmt":"2025-04-22T06:34:39","slug":"kontakta-oss","status":"publish","type":"page","link":"https:\/\/ways.se\/sv\/kontakta-oss\/","title":{"rendered":"Kontakta oss"},"content":{"rendered":"\n<p>Har du fr\u00e5gor? Beh\u00f6ver du r\u00e5d om hur vi kan hj\u00e4lpa ditt f\u00f6retag p\u00e5 b\u00e4sta s\u00e4tt? Skicka e\u2011post till <a href=\"mailto:sales@ways.se\">sales@ways.se<\/a>.<\/p>\n\n\n\n<p>Om du vill skicka e-post till en av v\u00e5ra kollegor; skriv i formatet f\u00f6rnamn.efternamn@ways.se<\/p>\n\n\n\n<hr class=\"wp-block-separator has-text-color has-primary-color has-css-opacity has-primary-background-color has-background is-style-wide\"\/>\n\n\n\n<h2 class=\"wp-block-heading\">Kundsupport<\/h2>\n\n\n\n<p>Beh\u00f6ver du hj\u00e4lp? Skicka e-post till <a href=\"mailto:support@ways.se?body=F\u00f6rekommer felet f\u00f6r andra anv\u00e4ndare och\/eller enheter?%0D%0A%0D%0A%0D%0AAdress till aktuell sida:%0D%0A%0D%0A%0D%0ASteg f\u00f6r att \u00e5terskapa felet (bifoga g\u00e4rna bilder):%0D%0A%0D%0A%0D%0A\">support@ways.se<\/a>.<\/p>\n\n\n\n<hr class=\"wp-block-separator has-text-color has-primary-color has-css-opacity has-primary-background-color has-background is-style-wide\"\/>\n\n\n\n<h2 class=\"wp-block-heading\">Bes\u00f6ks- och leveransadress<\/h2>\n\n\n\n<p>Ways Sweden AB<br>United Spaces<br>Waterfront Building<br>Klarabergsviadukten 63<br>111 64 Stockholm<br>Sverige<\/p>\n\n\n\n<p>Telefon: +46 8525 085 60<\/p>\n\n\n\n<h2 class=\"wp-block-heading\">Postadress<\/h2>\n\n\n\n<p>Ways Sweden AB<br>Box 190<br>101 23 Stockholm<br>Sverige<\/p>\n\n\n\n<h2 class=\"wp-block-heading\">Fakturaadress<\/h2>\n\n\n\n<p>Ways Sweden AB<br>FackId 4814<br>Box 3039<br>SE-831 03 \u00d6stersund<br>Sverige<\/p>\n\n\n\n<p>Maila PDF-fakturor till <a href=\"mailto:4814@faktura.scancloud.se?subject=FackId%204814\">4814@faktura.scancloud.se<\/a> (en faktura per PDF)<\/p>\n\n\n\n<p>Skicka e-fakturor via Scancloud, GLN: 7365566985462, Org.nr: 556698-5460. Om du \u00e4r ansluten till Peppol, anv\u00e4nd GLN-prefixet &#8221;0088:&#8221; eller Org.No-prefixet &#8221;0007:&#8221;<\/p>\n\n\n\n<h2 class=\"wp-block-heading\">Betalnings\u00adinformation<\/h2>\n\n\n\n<p>Organisationsnummer: 556698-5460<br>DUNS nummer: 774494046<br>Plusgiro: 444577-1<br>Bankgiro: 5811-0107<br>Moms\/VAT: SE556698546001<br>IBAN: SE1195000099603404445771<br>BIC\/SWIFT: NDEASESS<\/p>\n","protected":false},"excerpt":{"rendered":"<p>Har du fr\u00e5gor? Beh\u00f6ver du r\u00e5d om hur vi kan hj\u00e4lpa ditt f\u00f6retag p\u00e5 b\u00e4sta s\u00e4tt? Skicka e\u2011post till sales@ways.se. Om du vill skicka e-post till en av v\u00e5ra kollegor; skriv i formatet f\u00f6rnamn.efternamn@ways.se Kundsupport &#8230; <\/p>\n<p class=\"read-more-container\"><a title=\"Kontakta oss\" class=\"read-more button\" href=\"https:\/\/ways.se\/sv\/kontakta-oss\/\" aria-label=\"L\u00e4s mer om Kontakta oss\">L\u00e4s mer<\/a><\/p>\n","protected":false},"author":5,"featured_media":11839,"parent":0,"menu_order":0,"comment_status":"closed","ping_status":"closed","template":"","meta":{"_acf_changed":false,"footnotes":""},"element-controls":[108,104],"class_list":{"0":"post-223","1":"page","2":"type-page","3":"status-publish","4":"has-post-thumbnail","6":"element-controls-center-title","7":"element-controls-single-column","8":"no-featured-image-padding"},"acf":[],"_links":{"self":[{"href":"https:\/\/ways.se\/sv\/wp-json\/wp\/v2\/pages\/223","targetHints":{"allow":["GET"]}}],"collection":[{"href":"https:\/\/ways.se\/sv\/wp-json\/wp\/v2\/pages"}],"about":[{"href":"https:\/\/ways.se\/sv\/wp-json\/wp\/v2\/types\/page"}],"author":[{"embeddable":true,"href":"https:\/\/ways.se\/sv\/wp-json\/wp\/v2\/users\/5"}],"replies":[{"embeddable":true,"href":"https:\/\/ways.se\/sv\/wp-json\/wp\/v2\/comments?post=223"}],"version-history":[{"count":30,"href":"https:\/\/ways.se\/sv\/wp-json\/wp\/v2\/pages\/223\/revisions"}],"predecessor-version":[{"id":45401,"href":"https:\/\/ways.se\/sv\/wp-json\/wp\/v2\/pages\/223\/revisions\/45401"}],"wp:featuredmedia":[{"embeddable":true,"href":"https:\/\/ways.se\/sv\/wp-json\/wp\/v2\/media\/11839"}],"wp:attachment":[{"href":"https:\/\/ways.se\/sv\/wp-json\/wp\/v2\/media?parent=223"}],"wp:term":[{"taxonomy":"element-controls","embeddable":true,"href":"https:\/\/ways.se\/sv\/wp-json\/wp\/v2\/element-controls?post=223"}],"curies":[{"name":"wp","href":"https:\/\/api.w.org\/{rel}","templated":true}]}}