{"id":43813,"date":"2024-04-04T18:08:56","date_gmt":"2024-04-04T16:08:56","guid":{"rendered":"https:\/\/ways.se\/?page_id=43813"},"modified":"2024-04-04T18:08:56","modified_gmt":"2024-04-04T16:08:56","slug":"integrationer","status":"publish","type":"page","link":"https:\/\/ways.se\/sv\/vara-tjanster\/integrationer\/","title":{"rendered":"Integrationer"},"content":{"rendered":"\n<div class=\"wp-block-columns is-layout-flex wp-container-core-columns-is-layout-9d6595d7 wp-block-columns-is-layout-flex\">\n<div class=\"wp-block-column is-layout-flow wp-block-column-is-layout-flow\">\n<p>P\u00e5 Ways \u00e4r vi specialister p\u00e5 att skapa integrationsl\u00f6sningar till SharePoint. Dessa integrationer \u00e4r av central betydelse f\u00f6r att f\u00f6rb\u00e4ttra datakvaliteten, f\u00f6renkla \u00e5tkomsten till dokument \u00f6ver olika plattformar och automatisera viktiga aff\u00e4rsprocesser.&nbsp;<\/p>\n\n\n\n<p>Vi kan implementera integrationer direkt till andra applikationer eller anv\u00e4nda ett mellanlager i form av en integrationsmotor f\u00f6r att ansluta till olika system.&nbsp;<\/p>\n\n\n\n<p>V\u00e5r expertis och integrationsl\u00f6sningar kan f\u00f6renkla dina arbetsprocesser och optimera din dokumenthantering.&nbsp;&nbsp;<\/p>\n<\/div>\n\n\n\n<div class=\"wp-block-column is-layout-flow wp-block-column-is-layout-flow\">\n<figure class=\"wp-block-image size-large\"><img loading=\"lazy\" decoding=\"async\" width=\"1024\" height=\"768\" src=\"https:\/\/ways.se\/wp-content\/uploads\/intergrationslosningar-1024x768.jpg\" alt=\"\" class=\"wp-image-43942\" srcset=\"https:\/\/ways.se\/wp-content\/uploads\/intergrationslosningar-1024x768.jpg 1024w, https:\/\/ways.se\/wp-content\/uploads\/intergrationslosningar-300x225.jpg 300w, https:\/\/ways.se\/wp-content\/uploads\/intergrationslosningar-768x576.jpg 768w, https:\/\/ways.se\/wp-content\/uploads\/intergrationslosningar.jpg 1280w\" sizes=\"auto, (max-width: 1024px) 100vw, 1024px\" \/><\/figure>\n<\/div>\n<\/div>\n\n\n\n<p>N\u00e5gra exempel p\u00e5 integrationer vi kan hj\u00e4lpa dig med:&nbsp;<\/p>\n\n\n<div class=\"gb-grid-wrapper gb-grid-wrapper-205b6474 gb-grid-wrapper-small\">\n<div class=\"gb-grid-column gb-grid-column-f03e1dc0 gb-grid-column-grid-item-small\"><div class=\"gb-container gb-container-f03e1dc0 gb-container-grid-item-small\">\n\n<p><strong>Metadataintegration:<\/strong> Vi kan s\u00e4kerst\u00e4lla h\u00f6g datakvalitet genom att integrera metadataf\u00e4lt i SharePoint med andra system, exempelvis CRM-system. P\u00e5 s\u00e5 s\u00e4tt kan du automatiskt synkronisera kunddata och s\u00e4kerst\u00e4lla korrekt metadatahantering.<\/p>\n\n<\/div><\/div>\n\n<div class=\"gb-grid-column gb-grid-column-e035631c gb-grid-column-grid-item-small\"><div class=\"gb-container gb-container-e035631c gb-container-grid-item-small\">\n\n<p><strong>CRM-system eller aff\u00e4rssystem:<\/strong> Vi kan integrera ditt dokumenthanteringssystem med ditt CRM-system och andra aff\u00e4rssystem f\u00f6r att centralisera dokumenthanteringen i Microsoft 365\/SharePoint. L\u00e4s \u00e4ven om <strong>MetaShare CRM Connector<\/strong><\/p>\n\n<\/div><\/div>\n\n<div class=\"gb-grid-column gb-grid-column-8b24d953 gb-grid-column-grid-item-small\"><div class=\"gb-container gb-container-8b24d953 gb-container-grid-item-small\">\n\n<p><strong>Intran\u00e4tintegration: <\/strong>Vi kan integrera din dokumenthantering med ditt intran\u00e4t, s\u00e4rskilt om SharePoint anv\u00e4nds som intran\u00e4t. Detta g\u00f6r det enkelt att publicera och s\u00e4kerst\u00e4lla tillg\u00e4nglighet av viktiga dokument och policys f\u00f6r organisationen.<\/p>\n\n<\/div><\/div>\n\n<div class=\"gb-grid-column gb-grid-column-1fcc8446 gb-grid-column-grid-item-small\"><div class=\"gb-container gb-container-1fcc8446 gb-container-grid-item-small\">\n\n<p><strong>Automatisering av processer:<\/strong> Vi kan hj\u00e4lpa dig att automatisera skapandet av nya SharePoint- eller Teams-webbplatser baserat p\u00e5 formul\u00e4r och mallar. Detta underl\u00e4ttar anv\u00e4ndarnas arbete och f\u00f6rb\u00e4ttrar processkvaliteten.<\/p>\n\n<\/div><\/div>\n<\/div>\n\n\n<p><strong><a href=\"https:\/\/ways.se\/sv\/kontakta-oss\/\" data-type=\"page\" data-id=\"223\">Kontakta oss<\/a><\/strong> f\u00f6r att h\u00f6ra hur vi kan hj\u00e4lpa dig att integrera och automatisera din verksamhet.<\/p>\n","protected":false},"excerpt":{"rendered":"<p>P\u00e5 Ways \u00e4r vi specialister p\u00e5 att skapa integrationsl\u00f6sningar till SharePoint. Dessa integrationer \u00e4r av central betydelse f\u00f6r att f\u00f6rb\u00e4ttra datakvaliteten, f\u00f6renkla \u00e5tkomsten till dokument \u00f6ver olika plattformar och automatisera viktiga aff\u00e4rsprocesser.&nbsp; Vi kan implementera &#8230; <\/p>\n<p class=\"read-more-container\"><a title=\"Integrationer\" class=\"read-more button\" href=\"https:\/\/ways.se\/sv\/vara-tjanster\/integrationer\/\" aria-label=\"L\u00e4s mer om Integrationer\">L\u00e4s mer<\/a><\/p>\n","protected":false},"author":2,"featured_media":0,"parent":765,"menu_order":0,"comment_status":"closed","ping_status":"closed","template":"","meta":{"_acf_changed":false,"footnotes":""},"element-controls":[],"class_list":{"0":"post-43813","1":"page","2":"type-page","3":"status-publish","5":"no-featured-image-padding"},"acf":[],"_links":{"self":[{"href":"https:\/\/ways.se\/sv\/wp-json\/wp\/v2\/pages\/43813","targetHints":{"allow":["GET"]}}],"collection":[{"href":"https:\/\/ways.se\/sv\/wp-json\/wp\/v2\/pages"}],"about":[{"href":"https:\/\/ways.se\/sv\/wp-json\/wp\/v2\/types\/page"}],"author":[{"embeddable":true,"href":"https:\/\/ways.se\/sv\/wp-json\/wp\/v2\/users\/2"}],"replies":[{"embeddable":true,"href":"https:\/\/ways.se\/sv\/wp-json\/wp\/v2\/comments?post=43813"}],"version-history":[{"count":11,"href":"https:\/\/ways.se\/sv\/wp-json\/wp\/v2\/pages\/43813\/revisions"}],"predecessor-version":[{"id":44096,"href":"https:\/\/ways.se\/sv\/wp-json\/wp\/v2\/pages\/43813\/revisions\/44096"}],"up":[{"embeddable":true,"href":"https:\/\/ways.se\/sv\/wp-json\/wp\/v2\/pages\/765"}],"wp:attachment":[{"href":"https:\/\/ways.se\/sv\/wp-json\/wp\/v2\/media?parent=43813"}],"wp:term":[{"taxonomy":"element-controls","embeddable":true,"href":"https:\/\/ways.se\/sv\/wp-json\/wp\/v2\/element-controls?post=43813"}],"curies":[{"name":"wp","href":"https:\/\/api.w.org\/{rel}","templated":true}]}}