{"id":43815,"date":"2024-04-04T18:08:56","date_gmt":"2024-04-04T16:08:56","guid":{"rendered":"https:\/\/ways.se\/?page_id=43815"},"modified":"2024-05-10T12:14:54","modified_gmt":"2024-05-10T10:14:54","slug":"verksamhetsutveckling","status":"publish","type":"page","link":"https:\/\/ways.se\/sv\/vara-tjanster\/verksamhetsutveckling\/","title":{"rendered":"Verksamhets&shy;utveckling"},"content":{"rendered":"\n<div class=\"wp-block-columns is-layout-flex wp-container-core-columns-is-layout-9d6595d7 wp-block-columns-is-layout-flex\">\n<div class=\"wp-block-column is-vertically-aligned-center is-layout-flow wp-block-column-is-layout-flow\">\n<p>Vi arbetar aktivt med v\u00e5ra kunder f\u00f6r att fr\u00e4mja tillv\u00e4xt genom att utveckla deras verksamhet och fastst\u00e4lla exakta krav f\u00f6r IT-applikationer. Vi tror att nyckeln till framg\u00e5ng \u00e4r att f\u00f6rst\u00e5 vad som verkligen betyder mest n\u00e4r vi skapar l\u00f6sningar. Vi str\u00e4var efter att inte bara skapa anv\u00e4ndbara produkter, utan ocks\u00e5 s\u00e5dana som verkligen hj\u00e4lper f\u00f6retag och ger anv\u00e4ndarna en bra upplevelse.&nbsp;&nbsp;<\/p>\n<\/div>\n\n\n\n<div class=\"wp-block-column is-vertically-aligned-center is-layout-flow wp-block-column-is-layout-flow\">\n<figure class=\"wp-block-image size-large\"><img loading=\"lazy\" decoding=\"async\" width=\"1024\" height=\"584\" src=\"https:\/\/ways.se\/wp-content\/uploads\/verksamhetsutveckling-1024x584.jpg\" alt=\"\" class=\"wp-image-43939\" srcset=\"https:\/\/ways.se\/wp-content\/uploads\/verksamhetsutveckling-1024x584.jpg 1024w, https:\/\/ways.se\/wp-content\/uploads\/verksamhetsutveckling-300x171.jpg 300w, https:\/\/ways.se\/wp-content\/uploads\/verksamhetsutveckling-768x438.jpg 768w, https:\/\/ways.se\/wp-content\/uploads\/verksamhetsutveckling.jpg 1280w\" sizes=\"auto, (max-width: 1024px) 100vw, 1024px\" \/><\/figure>\n<\/div>\n<\/div>\n\n\n\n<div class=\"wp-block-columns are-vertically-aligned-center is-layout-flex wp-container-core-columns-is-layout-9d6595d7 wp-block-columns-is-layout-flex\">\n<div class=\"wp-block-column is-vertically-aligned-center has-accent-2-background-color has-background is-layout-flow wp-block-column-is-layout-flow\">\n<div class=\"wp-block-group\"><div class=\"wp-block-group__inner-container is-layout-constrained wp-block-group-is-layout-constrained\">\n<h2 class=\"wp-block-heading has-text-align-center\">Kravst\u00e4llning<\/h2>\n\n\n\n<p>M\u00e5let \u00e4r att kartl\u00e4gga och konkretisera de krav och behov som uppst\u00e5r i verksamheten och f\u00f6resl\u00e5 l\u00f6sningar som inte bara \u00e4r l\u00e5ngsiktiga utan ocks\u00e5 utvecklingsbara. Vi har utformat en v\u00e4lbepr\u00f6vad metod med en flexibel &#8221;verktygsl\u00e5da&#8221; som anpassas efter applikationens syfte. <\/p>\n\n\n\n<p>Oavsett om det handlar om att utveckla en l\u00f6sning f\u00f6r dokumenthantering, implementera arbetsfl\u00f6den med st\u00f6d f\u00f6r processer eller integrera olika system, till\u00e4mpar vi en enhetlig metodik f\u00f6r att skapa l\u00e5ngsiktigt h\u00e5llbara och flexibla l\u00f6sningar som kan anpassas efter era behov och f\u00f6r\u00e4ndringar \u00f6ver tiden.&nbsp;<\/p>\n<\/div><\/div>\n<\/div>\n\n\n\n<div class=\"wp-block-column has-accent-2-background-color has-background is-layout-flow wp-block-column-is-layout-flow\">\n<div class=\"wp-block-group\"><div class=\"wp-block-group__inner-container is-layout-constrained wp-block-group-is-layout-constrained\">\n<h2 class=\"wp-block-heading has-text-align-center\">Projektledning&nbsp;<\/h2>\n\n\n\n<p>Vi erbjuder professionell styrning genom varje projektfas fr\u00e5n konceptualisering till implementering. Vi leder era projekt fr\u00e5n b\u00f6rjan till slut med skickliga projektledare som k\u00e4nner till branschstandarder och b\u00e4sta metoder. Genom att effektivisera varje steg ser vi till att era projekt genomf\u00f6rs smidigt och framg\u00e5ngsrikt.<\/p>\n<\/div><\/div>\n<\/div>\n<\/div>\n\n\n\n<div class=\"wp-block-group has-accent-2-background-color has-background\"><div class=\"wp-block-group__inner-container is-layout-constrained wp-block-group-is-layout-constrained\">\n<h2 class=\"wp-block-heading has-text-align-center\">Processkartl\u00e4ggning med 2c8 Apps<\/h2>\n\n\n\n<p><\/p>\n\n\n\n<div class=\"wp-block-columns are-vertically-aligned-center is-layout-flex wp-container-core-columns-is-layout-9d6595d7 wp-block-columns-is-layout-flex\">\n<div class=\"wp-block-column is-vertically-aligned-center is-layout-flow wp-block-column-is-layout-flow\">\n<p><strong>2c8 Apps&nbsp;f\u00f6rmedlar processfl\u00f6den, organisationsscheman och andra modeller p\u00e5 ett l\u00e4ttillg\u00e4ngligt s\u00e4tt. <\/strong><\/p>\n\n\n\n<p>Anv\u00e4ndaren kan f\u00f6lja l\u00e4nkar vidare till dokument och andra system, samt definiera externa dokument som ligger i MetaShare. <a href=\"https:\/\/www.2c8.com\/\" target=\"_blank\" rel=\"noreferrer noopener\">2c8 Apps<\/a> skapar samsyn i organisationen, \u00f6kar transparensen och m\u00f6jligg\u00f6r effektiva arbetss\u00e4tt och processer.<\/p>\n<\/div>\n\n\n\n<div class=\"wp-block-column is-vertically-aligned-center is-layout-flow wp-block-column-is-layout-flow\">\n<figure class=\"wp-block-image size-full\"><img loading=\"lazy\" decoding=\"async\" width=\"1024\" height=\"592\" src=\"https:\/\/ways.se\/wp-content\/uploads\/2c8-dator_sv-1024x592-1.png\" alt=\"\" class=\"wp-image-11488\" srcset=\"https:\/\/ways.se\/wp-content\/uploads\/2c8-dator_sv-1024x592-1.png 1024w, https:\/\/ways.se\/wp-content\/uploads\/2c8-dator_sv-1024x592-1-300x173.png 300w, https:\/\/ways.se\/wp-content\/uploads\/2c8-dator_sv-1024x592-1-768x444.png 768w\" sizes=\"auto, (max-width: 1024px) 100vw, 1024px\" \/><\/figure>\n<\/div>\n<\/div>\n<\/div><\/div>\n\n\n\n<p><a href=\"https:\/\/ways.se\/sv\/kontakta-oss\/\"><strong>Kontakta oss<\/strong><\/a>&nbsp;f\u00f6r st\u00f6d i verksamhetsutveckling och kravst\u00e4llning.<\/p>\n","protected":false},"excerpt":{"rendered":"<p>Vi arbetar aktivt med v\u00e5ra kunder f\u00f6r att fr\u00e4mja tillv\u00e4xt genom att utveckla deras verksamhet och fastst\u00e4lla exakta krav f\u00f6r IT-applikationer. Vi tror att nyckeln till framg\u00e5ng \u00e4r att f\u00f6rst\u00e5 vad som verkligen betyder mest &#8230; <\/p>\n<p class=\"read-more-container\"><a title=\"Verksamhets&shy;utveckling\" class=\"read-more button\" href=\"https:\/\/ways.se\/sv\/vara-tjanster\/verksamhetsutveckling\/\" aria-label=\"L\u00e4s mer om Verksamhets&shy;utveckling\">L\u00e4s mer<\/a><\/p>\n","protected":false},"author":2,"featured_media":0,"parent":765,"menu_order":0,"comment_status":"closed","ping_status":"closed","template":"","meta":{"_acf_changed":false,"footnotes":""},"element-controls":[],"class_list":{"0":"post-43815","1":"page","2":"type-page","3":"status-publish","5":"no-featured-image-padding"},"acf":[],"_links":{"self":[{"href":"https:\/\/ways.se\/sv\/wp-json\/wp\/v2\/pages\/43815","targetHints":{"allow":["GET"]}}],"collection":[{"href":"https:\/\/ways.se\/sv\/wp-json\/wp\/v2\/pages"}],"about":[{"href":"https:\/\/ways.se\/sv\/wp-json\/wp\/v2\/types\/page"}],"author":[{"embeddable":true,"href":"https:\/\/ways.se\/sv\/wp-json\/wp\/v2\/users\/2"}],"replies":[{"embeddable":true,"href":"https:\/\/ways.se\/sv\/wp-json\/wp\/v2\/comments?post=43815"}],"version-history":[{"count":8,"href":"https:\/\/ways.se\/sv\/wp-json\/wp\/v2\/pages\/43815\/revisions"}],"predecessor-version":[{"id":44340,"href":"https:\/\/ways.se\/sv\/wp-json\/wp\/v2\/pages\/43815\/revisions\/44340"}],"up":[{"embeddable":true,"href":"https:\/\/ways.se\/sv\/wp-json\/wp\/v2\/pages\/765"}],"wp:attachment":[{"href":"https:\/\/ways.se\/sv\/wp-json\/wp\/v2\/media?parent=43815"}],"wp:term":[{"taxonomy":"element-controls","embeddable":true,"href":"https:\/\/ways.se\/sv\/wp-json\/wp\/v2\/element-controls?post=43815"}],"curies":[{"name":"wp","href":"https:\/\/api.w.org\/{rel}","templated":true}]}}