{"id":43817,"date":"2024-04-04T18:08:56","date_gmt":"2024-04-04T16:08:56","guid":{"rendered":"https:\/\/ways.se\/?page_id=43817"},"modified":"2024-09-17T11:27:14","modified_gmt":"2024-09-17T09:27:14","slug":"informationsklassificering","status":"publish","type":"page","link":"https:\/\/ways.se\/sv\/vara-tjanster\/informationsklassificering\/","title":{"rendered":"Informationsklassificering"},"content":{"rendered":"\n<div class=\"wp-block-columns is-layout-flex wp-container-core-columns-is-layout-9d6595d7 wp-block-columns-is-layout-flex\">\n<div class=\"wp-block-column is-layout-flow wp-block-column-is-layout-flow\">\n<p>Microsoft Purview Information Protection \u00e4r en l\u00f6sning som m\u00f6jligg\u00f6r uppt\u00e4ckt, klassificering, skydd och styrning av k\u00e4nslig information i Microsoft 365 (Outlook, OneDrive, Teams, SharePoint).&nbsp;<\/p>\n\n\n\n<p><strong>Med Microsoft Purview Information Protection kan du:<\/strong>&nbsp;<\/p>\n\n\n\n<ul class=\"wp-block-list\">\n<li>Skanna och identifiera k\u00e4nslig data i Micosoft 365.&nbsp;<\/li>\n\n\n\n<li>Anv\u00e4nda inbyggda eller anpassade k\u00e4nslighetsetiketter och till\u00e4mpa flexibla skydds\u00e5tg\u00e4rder som kryptering, \u00e5tkomstbegr\u00e4nsningar och visuella markeringar.&nbsp;<\/li>\n\n\n\n<li>Automatisera dataklassificering och styrning med AI-drivna klassificerare som kan hitta och skydda k\u00e4nslig data.&nbsp;<\/li>\n\n\n\n<li>Konfigurera och hantera policyer och olika regler&nbsp;<\/li>\n<\/ul>\n\n\n\n<p>Microsoft Purview Information Protection \u00e4r en del av Microsoft 365 E5, som erbjuder omfattande l\u00f6sningar f\u00f6r datas\u00e4kerhet, efterlevnad och styrning av data.&nbsp;&nbsp;<\/p>\n\n\n\n<p>MetaShare kan exempelvis meddela anv\u00e4ndaren att en viss dokumenttyp alltid ska ha en viss informationsklass och fungerar mycket v\u00e4l med Microsoft Purview Information Protection.&nbsp;<\/p>\n\n\n\n<h3 class=\"wp-block-heading\">L\u00e4s mer<\/h3>\n\n\n\n<p><a href=\"https:\/\/ways.se\/sv\/artiklar\/skydda-din-information-med-informationsklassning-i-microsoft-365\/\">Skydda din information med informationsklassning i Microsoft 365<\/a><\/p>\n\n\n\n<p><strong><a href=\"https:\/\/ways.se\/sv\/kontakta-oss\/\" data-type=\"page\" data-id=\"223\">Kontakta oss <\/a><\/strong>f\u00f6r hj\u00e4lp vid inf\u00f6rande av<strong> <\/strong>Microsoft Purview Information Protection.<\/p>\n<\/div>\n\n\n\n<div class=\"wp-block-column is-layout-flow wp-block-column-is-layout-flow\">\n<figure class=\"wp-block-image size-large\"><img loading=\"lazy\" decoding=\"async\" width=\"1024\" height=\"682\" src=\"https:\/\/ways.se\/wp-content\/uploads\/informationsklassificering-1024x682.jpg\" alt=\"\" class=\"wp-image-43908\" srcset=\"https:\/\/ways.se\/wp-content\/uploads\/informationsklassificering-1024x682.jpg 1024w, https:\/\/ways.se\/wp-content\/uploads\/informationsklassificering-300x200.jpg 300w, https:\/\/ways.se\/wp-content\/uploads\/informationsklassificering-768x512.jpg 768w, https:\/\/ways.se\/wp-content\/uploads\/informationsklassificering.jpg 1280w\" sizes=\"auto, (max-width: 1024px) 100vw, 1024px\" \/><\/figure>\n<\/div>\n<\/div>\n\n\n\n<p><\/p>\n","protected":false},"excerpt":{"rendered":"<p>Microsoft Purview Information Protection \u00e4r en l\u00f6sning som m\u00f6jligg\u00f6r uppt\u00e4ckt, klassificering, skydd och styrning av k\u00e4nslig information i Microsoft 365 (Outlook, OneDrive, Teams, SharePoint).&nbsp; Med Microsoft Purview Information Protection kan du:&nbsp; Microsoft Purview Information Protection &#8230; <\/p>\n<p class=\"read-more-container\"><a title=\"Informationsklassificering\" class=\"read-more button\" href=\"https:\/\/ways.se\/sv\/vara-tjanster\/informationsklassificering\/\" aria-label=\"L\u00e4s mer om Informationsklassificering\">L\u00e4s mer<\/a><\/p>\n","protected":false},"author":2,"featured_media":0,"parent":765,"menu_order":0,"comment_status":"closed","ping_status":"closed","template":"","meta":{"_acf_changed":false,"footnotes":""},"element-controls":[],"class_list":{"0":"post-43817","1":"page","2":"type-page","3":"status-publish","5":"no-featured-image-padding"},"acf":[],"_links":{"self":[{"href":"https:\/\/ways.se\/sv\/wp-json\/wp\/v2\/pages\/43817","targetHints":{"allow":["GET"]}}],"collection":[{"href":"https:\/\/ways.se\/sv\/wp-json\/wp\/v2\/pages"}],"about":[{"href":"https:\/\/ways.se\/sv\/wp-json\/wp\/v2\/types\/page"}],"author":[{"embeddable":true,"href":"https:\/\/ways.se\/sv\/wp-json\/wp\/v2\/users\/2"}],"replies":[{"embeddable":true,"href":"https:\/\/ways.se\/sv\/wp-json\/wp\/v2\/comments?post=43817"}],"version-history":[{"count":6,"href":"https:\/\/ways.se\/sv\/wp-json\/wp\/v2\/pages\/43817\/revisions"}],"predecessor-version":[{"id":44687,"href":"https:\/\/ways.se\/sv\/wp-json\/wp\/v2\/pages\/43817\/revisions\/44687"}],"up":[{"embeddable":true,"href":"https:\/\/ways.se\/sv\/wp-json\/wp\/v2\/pages\/765"}],"wp:attachment":[{"href":"https:\/\/ways.se\/sv\/wp-json\/wp\/v2\/media?parent=43817"}],"wp:term":[{"taxonomy":"element-controls","embeddable":true,"href":"https:\/\/ways.se\/sv\/wp-json\/wp\/v2\/element-controls?post=43817"}],"curies":[{"name":"wp","href":"https:\/\/api.w.org\/{rel}","templated":true}]}}