{"id":43819,"date":"2024-04-04T18:08:56","date_gmt":"2024-04-04T16:08:56","guid":{"rendered":"https:\/\/ways.se\/?page_id=43819"},"modified":"2024-08-27T16:40:54","modified_gmt":"2024-08-27T14:40:54","slug":"gallring-och-arkivering","status":"publish","type":"page","link":"https:\/\/ways.se\/sv\/vara-tjanster\/gallring-och-arkivering\/","title":{"rendered":"Gallring och arkivering"},"content":{"rendered":"\n<div class=\"wp-block-columns is-layout-flex wp-container-core-columns-is-layout-9d6595d7 wp-block-columns-is-layout-flex\">\n<div class=\"wp-block-column is-layout-flow wp-block-column-is-layout-flow\">\n<p>Den explosionsartade \u00f6kningen av dokument skapar stora utmaningar, inte minst hos organisationer med krav p\u00e5 l\u00e5ngtidsarkivering. Om man dessutom v\u00e4ger in att gallringsprocessen ofta sl\u00e4par efter, sitter organisationer idag p\u00e5 en stor och ostrukturerad m\u00e4ngd data som \u00e4r sv\u00e5r att hantera.&nbsp;&nbsp;<\/p>\n\n\n\n<p>MetaShare Orbit ser till att dokument som uppfyller vissa villkor som definierats i en dokumenthanteringsplan\/informationshanteringsplan, som definierar n\u00e4r dokument skall gallras eller arkiveras, vilket s\u00e4kerst\u00e4ller ordning och reda, minskar risken f\u00f6r felhantering och g\u00f6r det enklare att hitta. MetaShare Orbit-anv\u00e4ndaren beh\u00f6ver aldrig oroa sig f\u00f6r att arkiverade dokument f\u00f6rsvinner d\u00e5 de flyttas till annan yta.<\/p>\n\n\n\n<p><a href=\"https:\/\/metashare.com\/sv\/kundcase\/tam-arkiv\/\" target=\"_blank\" rel=\"noreferrer noopener\">Kundcase: Manuell process innebar h\u00f6g arbetsbelastning och risk f\u00f6r fel och inkonsekvenser<\/a><\/p>\n<\/div>\n\n\n\n<div class=\"wp-block-column is-layout-flow wp-block-column-is-layout-flow\">\n<figure class=\"wp-block-image size-large\"><img loading=\"lazy\" decoding=\"async\" width=\"1024\" height=\"682\" src=\"https:\/\/ways.se\/wp-content\/uploads\/arkivering-1024x682.jpg\" alt=\"\" class=\"wp-image-43936\" srcset=\"https:\/\/ways.se\/wp-content\/uploads\/arkivering-1024x682.jpg 1024w, https:\/\/ways.se\/wp-content\/uploads\/arkivering-300x200.jpg 300w, https:\/\/ways.se\/wp-content\/uploads\/arkivering-768x512.jpg 768w, https:\/\/ways.se\/wp-content\/uploads\/arkivering.jpg 1280w\" sizes=\"auto, (max-width: 1024px) 100vw, 1024px\" \/><\/figure>\n<\/div>\n<\/div>\n\n\n\n<div class=\"wp-block-columns is-layout-flex wp-container-core-columns-is-layout-9d6595d7 wp-block-columns-is-layout-flex\">\n<div class=\"wp-block-column is-layout-flow wp-block-column-is-layout-flow\">\n<div class=\"wp-block-group has-text-bright-color has-accent-1-background-color has-text-color has-background has-link-color wp-elements-5b6e89bc26ed2a889710a147618105c9\"><div class=\"wp-block-group__inner-container is-layout-constrained wp-block-group-is-layout-constrained\">\n<h2 class=\"wp-block-heading\">MetaShare Orbit<\/h2>\n\n\n\n<ol start=\"1\" class=\"wp-block-list\">\n<li>Hanterar arkiverings- och gallringsarbetet i Microsoft 365 helt automatiskt enligt organisationens uppsatta regler.&nbsp;&nbsp;<\/li>\n<\/ol>\n\n\n\n<ol start=\"2\" class=\"wp-block-list\">\n<li>Logg \u00f6ver samtliga aktiviteter som utf\u00f6rs av Orbit ger utm\u00e4rkt \u00f6verblick av dokument som arkiverats och gallrats.&nbsp;&nbsp;<\/li>\n<\/ol>\n\n\n\n<ol start=\"3\" class=\"wp-block-list\">\n<li>G\u00f6r s\u00e5 du sparar tid, f\u00f6ljer regelverk och skapar ordning bland dokumenten.&nbsp;<\/li>\n<\/ol>\n\n\n\n<ol start=\"4\" class=\"wp-block-list\">\n<li>Kr\u00e4ver enbart standardlicens f\u00f6r Microsoft 365.&nbsp;&nbsp;&nbsp;<\/li>\n<\/ol>\n\n\n\n<ol start=\"5\" class=\"wp-block-list\">\n<li>Om standard SharePoint ska l\u00f6sa automatisk arkivering kr\u00e4vs E5 licenser.&nbsp;<\/li>\n<\/ol>\n\n\n\n<div class=\"wp-block-buttons is-layout-flex wp-block-buttons-is-layout-flex\">\n<div class=\"wp-block-button\"><a class=\"wp-block-button__link wp-element-button\" href=\"https:\/\/metashare.com\/sv\/try-metashare\/\">Prova p\u00e5<\/a><\/div>\n<\/div>\n<\/div><\/div>\n<\/div>\n\n\n\n<div class=\"wp-block-column is-layout-flow wp-block-column-is-layout-flow\"><\/div>\n<\/div>\n","protected":false},"excerpt":{"rendered":"<p>Den explosionsartade \u00f6kningen av dokument skapar stora utmaningar, inte minst hos organisationer med krav p\u00e5 l\u00e5ngtidsarkivering. Om man dessutom v\u00e4ger in att gallringsprocessen ofta sl\u00e4par efter, sitter organisationer idag p\u00e5 en stor och ostrukturerad m\u00e4ngd &#8230; <\/p>\n<p class=\"read-more-container\"><a title=\"Gallring och arkivering\" class=\"read-more button\" href=\"https:\/\/ways.se\/sv\/vara-tjanster\/gallring-och-arkivering\/\" aria-label=\"L\u00e4s mer om Gallring och arkivering\">L\u00e4s mer<\/a><\/p>\n","protected":false},"author":2,"featured_media":0,"parent":765,"menu_order":0,"comment_status":"closed","ping_status":"closed","template":"","meta":{"_acf_changed":false,"footnotes":""},"element-controls":[],"class_list":{"0":"post-43819","1":"page","2":"type-page","3":"status-publish","5":"no-featured-image-padding"},"acf":[],"_links":{"self":[{"href":"https:\/\/ways.se\/sv\/wp-json\/wp\/v2\/pages\/43819","targetHints":{"allow":["GET"]}}],"collection":[{"href":"https:\/\/ways.se\/sv\/wp-json\/wp\/v2\/pages"}],"about":[{"href":"https:\/\/ways.se\/sv\/wp-json\/wp\/v2\/types\/page"}],"author":[{"embeddable":true,"href":"https:\/\/ways.se\/sv\/wp-json\/wp\/v2\/users\/2"}],"replies":[{"embeddable":true,"href":"https:\/\/ways.se\/sv\/wp-json\/wp\/v2\/comments?post=43819"}],"version-history":[{"count":5,"href":"https:\/\/ways.se\/sv\/wp-json\/wp\/v2\/pages\/43819\/revisions"}],"predecessor-version":[{"id":44614,"href":"https:\/\/ways.se\/sv\/wp-json\/wp\/v2\/pages\/43819\/revisions\/44614"}],"up":[{"embeddable":true,"href":"https:\/\/ways.se\/sv\/wp-json\/wp\/v2\/pages\/765"}],"wp:attachment":[{"href":"https:\/\/ways.se\/sv\/wp-json\/wp\/v2\/media?parent=43819"}],"wp:term":[{"taxonomy":"element-controls","embeddable":true,"href":"https:\/\/ways.se\/sv\/wp-json\/wp\/v2\/element-controls?post=43819"}],"curies":[{"name":"wp","href":"https:\/\/api.w.org\/{rel}","templated":true}]}}