{"id":43821,"date":"2024-04-04T18:08:56","date_gmt":"2024-04-04T16:08:56","guid":{"rendered":"https:\/\/ways.se\/?page_id=43821"},"modified":"2025-12-02T12:15:39","modified_gmt":"2025-12-02T11:15:39","slug":"automatiserade-arbetsfloden","status":"publish","type":"page","link":"https:\/\/ways.se\/sv\/vara-tjanster\/automatiserade-arbetsfloden\/","title":{"rendered":"Automatiserade arbetsfl\u00f6den"},"content":{"rendered":"\n<div class=\"wp-block-columns is-layout-flex wp-container-core-columns-is-layout-9d6595d7 wp-block-columns-is-layout-flex\">\n<div class=\"wp-block-column is-layout-flow wp-block-column-is-layout-flow\">\n<p>Business Process Automation (BPA) \u00e4r ett s\u00e4tt att automatisera och effektivisera aff\u00e4rsprocesser vilket leder till f\u00f6rb\u00e4ttrat arbetsfl\u00f6de, \u00f6kad produktivitet och smartare och mer dynamiska l\u00f6sningar. Microsoft Power Automate m\u00f6jligg\u00f6r implementering och anv\u00e4ndning av BPA.&nbsp;<\/p>\n\n\n\n<p>Microsoft Power Automate s\u00e4kerst\u00e4ller:&nbsp;<\/p>\n\n\n\n<ul class=\"wp-block-list\">\n<li>Automatiserade arbetsfl\u00f6den. Kopplar samman olika system, tj\u00e4nster och appar, b\u00e5de inom och utanf\u00f6r Microsoft 365.&nbsp;<\/li>\n\n\n\n<li>Artificiell intelligens (AI) och maskininl\u00e4rning i dina fl\u00f6den f\u00f6r att utf\u00f6ra avancerade uppgifter som bildigenk\u00e4nning, formul\u00e4ranalys, textanalys och mer.&nbsp;<\/li>\n\n\n\n<li>Aff\u00e4rsprocessfl\u00f6den som guidar anv\u00e4ndarna genom flerstegsprocesser som beh\u00f6ver f\u00f6ljas p\u00e5 ett konsekvent s\u00e4tt, till exempel f\u00f6rs\u00e4ljningsmetoder eller faktureringsprocesser.&nbsp;<\/li>\n\n\n\n<li>Integrerade fl\u00f6den med andra Microsoft-produkter och tj\u00e4nster, som SharePoint, Excel, Visio, Power Apps, Dynamics 365 med mera.<\/li>\n<\/ul>\n\n\n\n<h2 class=\"wp-block-heading\">Kundcase<\/h2>\n\n\n\n<ul class=\"wp-block-list\">\n<li><a href=\"https:\/\/ways.se\/sv\/nyheter\/kundcase-hr-huset-automationen-som-trotsade-citrix-miljon-och-frigjorde-en-heltidstjanst\/\" data-type=\"link\" data-id=\"https:\/\/ways.se\/sv\/nyheter\/kundcase-hr-huset-automationen-som-trotsade-citrix-miljon-och-frigjorde-en-heltidstjanst\/\">Kundcase HR-huset: Automationen som trotsade Citrix-milj\u00f6n och frigjorde en heltidstj\u00e4nst<\/a><\/li>\n\n\n\n<li><a href=\"https:\/\/ways.se\/sv\/nyheter\/stromlinjeformad-teams-provisionering-international-idea-implementerar-ett-digitalt-arbetsflode-for-okad-effektivitet\/\">Str\u00f6mlinjeformad Teams-provisionering: International IDEA implementerar ett digitalt arbetsfl\u00f6de f\u00f6r \u00f6kad effektivitet<\/a><\/li>\n\n\n\n<li><a href=\"https:\/\/ways.se\/sv\/nyheter\/effektiv-hantering-av-forbattringsforslag-elu-konsult-implementerar-ett-digitalt-arbetsflode-for-okad-produktivitet\/\">Effektiv hantering av f\u00f6rb\u00e4ttringsf\u00f6rslag: ELU Konsult implementerar ett digitalt arbetsfl\u00f6de f\u00f6r \u00f6kad produktivitet<\/a><\/li>\n\n\n\n<li><a href=\"https:\/\/ways.se\/sv\/nyheter\/automatiserad-dokumenthantering-iva-implementerar-ett-digitalt-arbetsflode-for-effektivare-invalsprocess\/\">Automatiserad dokumenthantering: IVA implementerar ett digitalt arbetsfl\u00f6de f\u00f6r effektivare invalsprocess<\/a><\/li>\n\n\n\n<li><a href=\"https:\/\/ways.se\/sv\/nyheter\/forbattrad-metadatahantering-international-idea-anvander-ways-anpassade-arbetsflode-for-overvakning-av-termer-i-sharepoint\/\">F\u00f6rb\u00e4ttrad metadatahantering: International IDEA anv\u00e4nder Ways anpassade arbetsfl\u00f6de f\u00f6r \u00f6vervakning av termer i SharePoint<\/a><\/li>\n\n\n\n<li><a href=\"https:\/\/ways.se\/sv\/nyheter\/effektiv-dokumentpublicering-elu-konsult-automatiserar-sin-personalhandbok-med-ett-anpassat-arbetsflode\/\">Effektiv dokumentpublicering: ELU Konsult automatiserar sin personalhandbok med ett anpassat arbetsfl\u00f6de<\/a><\/li>\n<\/ul>\n\n\n\n<p><a href=\"https:\/\/ways.se\/sv\/kontakta-oss\/\" data-type=\"page\" data-id=\"223\"><strong>Kontakta oss<\/strong><\/a> f\u00f6r hj\u00e4lp med inf\u00f6rande av Microsoft Power Automate.&nbsp;<\/p>\n<\/div>\n\n\n\n<div class=\"wp-block-column is-layout-flow wp-block-column-is-layout-flow\">\n<figure class=\"wp-block-image size-large\"><img loading=\"lazy\" decoding=\"async\" width=\"1024\" height=\"678\" src=\"https:\/\/ways.se\/wp-content\/uploads\/automatisera-arbetsfloden-1024x678.jpg\" alt=\"\" class=\"wp-image-43933\" srcset=\"https:\/\/ways.se\/wp-content\/uploads\/automatisera-arbetsfloden-1024x678.jpg 1024w, https:\/\/ways.se\/wp-content\/uploads\/automatisera-arbetsfloden-300x199.jpg 300w, https:\/\/ways.se\/wp-content\/uploads\/automatisera-arbetsfloden-768x509.jpg 768w, https:\/\/ways.se\/wp-content\/uploads\/automatisera-arbetsfloden.jpg 1280w\" sizes=\"auto, (max-width: 1024px) 100vw, 1024px\" \/><\/figure>\n<\/div>\n<\/div>\n","protected":false},"excerpt":{"rendered":"<p>Business Process Automation (BPA) \u00e4r ett s\u00e4tt att automatisera och effektivisera aff\u00e4rsprocesser vilket leder till f\u00f6rb\u00e4ttrat arbetsfl\u00f6de, \u00f6kad produktivitet och smartare och mer dynamiska l\u00f6sningar. Microsoft Power Automate m\u00f6jligg\u00f6r implementering och anv\u00e4ndning av BPA.&nbsp; Microsoft &#8230; <\/p>\n<p class=\"read-more-container\"><a title=\"Automatiserade arbetsfl\u00f6den\" class=\"read-more button\" href=\"https:\/\/ways.se\/sv\/vara-tjanster\/automatiserade-arbetsfloden\/\" aria-label=\"L\u00e4s mer om Automatiserade arbetsfl\u00f6den\">L\u00e4s mer<\/a><\/p>\n","protected":false},"author":2,"featured_media":0,"parent":765,"menu_order":0,"comment_status":"closed","ping_status":"closed","template":"","meta":{"_acf_changed":false,"footnotes":""},"element-controls":[],"class_list":{"0":"post-43821","1":"page","2":"type-page","3":"status-publish","5":"no-featured-image-padding"},"acf":[],"_links":{"self":[{"href":"https:\/\/ways.se\/sv\/wp-json\/wp\/v2\/pages\/43821","targetHints":{"allow":["GET"]}}],"collection":[{"href":"https:\/\/ways.se\/sv\/wp-json\/wp\/v2\/pages"}],"about":[{"href":"https:\/\/ways.se\/sv\/wp-json\/wp\/v2\/types\/page"}],"author":[{"embeddable":true,"href":"https:\/\/ways.se\/sv\/wp-json\/wp\/v2\/users\/2"}],"replies":[{"embeddable":true,"href":"https:\/\/ways.se\/sv\/wp-json\/wp\/v2\/comments?post=43821"}],"version-history":[{"count":14,"href":"https:\/\/ways.se\/sv\/wp-json\/wp\/v2\/pages\/43821\/revisions"}],"predecessor-version":[{"id":45950,"href":"https:\/\/ways.se\/sv\/wp-json\/wp\/v2\/pages\/43821\/revisions\/45950"}],"up":[{"embeddable":true,"href":"https:\/\/ways.se\/sv\/wp-json\/wp\/v2\/pages\/765"}],"wp:attachment":[{"href":"https:\/\/ways.se\/sv\/wp-json\/wp\/v2\/media?parent=43821"}],"wp:term":[{"taxonomy":"element-controls","embeddable":true,"href":"https:\/\/ways.se\/sv\/wp-json\/wp\/v2\/element-controls?post=43821"}],"curies":[{"name":"wp","href":"https:\/\/api.w.org\/{rel}","templated":true}]}}