{"id":43826,"date":"2024-04-04T18:08:56","date_gmt":"2024-04-04T16:08:56","guid":{"rendered":"https:\/\/ways.se\/?page_id=43826"},"modified":"2024-04-04T18:08:56","modified_gmt":"2024-04-04T16:08:56","slug":"dokumentmallar","status":"publish","type":"page","link":"https:\/\/ways.se\/sv\/vara-tjanster\/dokumentmallar\/","title":{"rendered":"Dokumentmallar"},"content":{"rendered":"\n<div class=\"wp-block-columns is-layout-flex wp-container-core-columns-is-layout-9d6595d7 wp-block-columns-is-layout-flex\">\n<div class=\"wp-block-column is-layout-flow wp-block-column-is-layout-flow\">\n<p>M\u00e5nga f\u00f6retag har utmaningar med korrekt anv\u00e4ndning av f\u00f6retagets f\u00f6rinst\u00e4llda dokumentmallar. Ways hj\u00e4lper till att skapa smarta funktionella Office-mallar och r\u00e5dg\u00f6r bland annat kring:&nbsp;<\/p>\n\n\n\n<ul class=\"wp-block-list\">\n<li>Enhetliga dokumentmallar&nbsp;<\/li>\n\n\n\n<li>Lagring i mallbibliotek i SharePoint&nbsp;<\/li>\n\n\n\n<li>Kontinuerlig uppdatering och underh\u00e5ll&nbsp;<\/li>\n\n\n\n<li>Adderar metadataf\u00e4lt med information om dokumentets inneh\u00e5ll\u00a0<\/li>\n<\/ul>\n\n\n\n<p><a href=\"https:\/\/ways.se\/sv\/kontakta-oss\/\" data-type=\"page\" data-id=\"223\"><strong>Kontakta oss<\/strong><\/a> om du beh\u00f6ver hj\u00e4lp med dokumentmallar.<\/p>\n<\/div>\n\n\n\n<div class=\"wp-block-column is-layout-flow wp-block-column-is-layout-flow\">\n<figure class=\"wp-block-image size-large\"><img loading=\"lazy\" decoding=\"async\" width=\"1024\" height=\"576\" src=\"https:\/\/ways.se\/wp-content\/uploads\/dokumentmallar-1024x576.jpg\" alt=\"\" class=\"wp-image-43926\" srcset=\"https:\/\/ways.se\/wp-content\/uploads\/dokumentmallar-1024x576.jpg 1024w, https:\/\/ways.se\/wp-content\/uploads\/dokumentmallar-300x169.jpg 300w, https:\/\/ways.se\/wp-content\/uploads\/dokumentmallar-768x432.jpg 768w, https:\/\/ways.se\/wp-content\/uploads\/dokumentmallar.jpg 1280w\" sizes=\"auto, (max-width: 1024px) 100vw, 1024px\" \/><\/figure>\n<\/div>\n<\/div>\n","protected":false},"excerpt":{"rendered":"<p>M\u00e5nga f\u00f6retag har utmaningar med korrekt anv\u00e4ndning av f\u00f6retagets f\u00f6rinst\u00e4llda dokumentmallar. Ways hj\u00e4lper till att skapa smarta funktionella Office-mallar och r\u00e5dg\u00f6r bland annat kring:&nbsp; Kontakta oss om du beh\u00f6ver hj\u00e4lp med dokumentmallar.<\/p>\n","protected":false},"author":8,"featured_media":0,"parent":765,"menu_order":0,"comment_status":"closed","ping_status":"closed","template":"","meta":{"_acf_changed":false,"footnotes":""},"element-controls":[],"class_list":{"0":"post-43826","1":"page","2":"type-page","3":"status-publish","5":"no-featured-image-padding"},"acf":[],"_links":{"self":[{"href":"https:\/\/ways.se\/sv\/wp-json\/wp\/v2\/pages\/43826","targetHints":{"allow":["GET"]}}],"collection":[{"href":"https:\/\/ways.se\/sv\/wp-json\/wp\/v2\/pages"}],"about":[{"href":"https:\/\/ways.se\/sv\/wp-json\/wp\/v2\/types\/page"}],"author":[{"embeddable":true,"href":"https:\/\/ways.se\/sv\/wp-json\/wp\/v2\/users\/8"}],"replies":[{"embeddable":true,"href":"https:\/\/ways.se\/sv\/wp-json\/wp\/v2\/comments?post=43826"}],"version-history":[{"count":3,"href":"https:\/\/ways.se\/sv\/wp-json\/wp\/v2\/pages\/43826\/revisions"}],"predecessor-version":[{"id":44103,"href":"https:\/\/ways.se\/sv\/wp-json\/wp\/v2\/pages\/43826\/revisions\/44103"}],"up":[{"embeddable":true,"href":"https:\/\/ways.se\/sv\/wp-json\/wp\/v2\/pages\/765"}],"wp:attachment":[{"href":"https:\/\/ways.se\/sv\/wp-json\/wp\/v2\/media?parent=43826"}],"wp:term":[{"taxonomy":"element-controls","embeddable":true,"href":"https:\/\/ways.se\/sv\/wp-json\/wp\/v2\/element-controls?post=43826"}],"curies":[{"name":"wp","href":"https:\/\/api.w.org\/{rel}","templated":true}]}}