{"id":43828,"date":"2024-04-04T18:08:56","date_gmt":"2024-04-04T16:08:56","guid":{"rendered":"https:\/\/ways.se\/?page_id=43828"},"modified":"2024-04-23T14:43:56","modified_gmt":"2024-04-23T12:43:56","slug":"microsoft-365-losningar","status":"publish","type":"page","link":"https:\/\/ways.se\/sv\/vara-tjanster\/microsoft-365-losningar\/","title":{"rendered":"Microsoft 365-l\u00f6sningar"},"content":{"rendered":"\n<div class=\"wp-block-columns is-layout-flex wp-container-core-columns-is-layout-9d6595d7 wp-block-columns-is-layout-flex\">\n<div class=\"wp-block-column is-layout-flow wp-block-column-is-layout-flow\">\n<p>V\u00e5r expertis ligger i att extrahera varje uns av nytta av Microsofts omfattande ekosystem och applikationer. I v\u00e5ra h\u00e4nder blir Microsoft 365 inte enbart ett verktyg, det f\u00f6rvandlas till en dynamisk kraft som driver produktivitet och tillv\u00e4xt.<\/p>\n\n\n\n<p>Vi hj\u00e4lper v\u00e5ra kunder att skr\u00e4ddarsy SharePoint- och Teams enligt specifika krav, och att s\u00e4kra information, s\u00e4kerst\u00e4lla effektiv hantering av processfl\u00f6den och maximera anv\u00e4ndningen av AI-tj\u00e4nster.<\/p>\n\n\n\n<p>I merparten av v\u00e5ra projekt levererar och konfigurerar vi v\u00e5ra f\u00e4rdiga l\u00f6sningar f\u00f6r <a href=\"https:\/\/metashare.com\/sv\/\">dokumenthantering<\/a> och <a href=\"https:\/\/ways.se\/sv\/vara-tjanster\/intranat\/\" data-type=\"page\" data-id=\"43830\">intran\u00e4t<\/a>.<\/p>\n\n\n\n<p>V\u00e5ra systemutvecklare har \u00e4ven l\u00e5ng erfarenhet av skr\u00e4ddarsydda l\u00f6sningar i Microsofts plattform. Det kan vara allt ifr\u00e5n enklare <a href=\"https:\/\/ways.se\/sv\/vara-tjanster\/automatiserade-arbetsfloden\/\" data-type=\"page\" data-id=\"43821\">automatiseringar<\/a> och <a href=\"https:\/\/ways.se\/sv\/vara-tjanster\/integrationer\/\" data-type=\"page\" data-id=\"43813\">integrationer<\/a> i Power Automate till full stack utveckling i Azure.<\/p>\n\n\n\n<p>Med v\u00e5r erfarenhet inom dokumenthantering i SharePoint kan vi hj\u00e4lpa er att skapa en l\u00e5ngsiktigt h\u00e5llbar l\u00f6sning.&nbsp;<\/p>\n<\/div>\n\n\n\n<div class=\"wp-block-column is-layout-flow wp-block-column-is-layout-flow\">\n<figure class=\"wp-block-image size-large\"><img loading=\"lazy\" decoding=\"async\" width=\"1024\" height=\"684\" src=\"https:\/\/ways.se\/wp-content\/uploads\/iStock-615479420-full-1024x684.jpg\" alt=\"\" class=\"wp-image-44086\" srcset=\"https:\/\/ways.se\/wp-content\/uploads\/iStock-615479420-full-1024x684.jpg 1024w, https:\/\/ways.se\/wp-content\/uploads\/iStock-615479420-full-300x200.jpg 300w, https:\/\/ways.se\/wp-content\/uploads\/iStock-615479420-full-768x513.jpg 768w, https:\/\/ways.se\/wp-content\/uploads\/iStock-615479420-full-1536x1025.jpg 1536w, https:\/\/ways.se\/wp-content\/uploads\/iStock-615479420-full-2048x1367.jpg 2048w\" sizes=\"auto, (max-width: 1024px) 100vw, 1024px\" \/><\/figure>\n<\/div>\n<\/div>\n\n\n\n<div class=\"wp-block-group has-accent-2-background-color has-background\"><div class=\"wp-block-group__inner-container is-layout-constrained wp-block-group-is-layout-constrained\">\n<h2 class=\"wp-block-heading has-text-align-center\">Dokumenthantering i SharePoint<\/h2>\n\n\n\n<p><\/p>\n\n\n\n<div class=\"wp-block-columns is-layout-flex wp-container-core-columns-is-layout-9d6595d7 wp-block-columns-is-layout-flex\">\n<div class=\"wp-block-column is-layout-flow wp-block-column-is-layout-flow\">\n<figure class=\"wp-block-image size-large\"><img loading=\"lazy\" decoding=\"async\" width=\"1024\" height=\"683\" src=\"https:\/\/ways.se\/wp-content\/uploads\/iStock-834774078-1024x683.jpg\" alt=\"\" class=\"wp-image-44089\" srcset=\"https:\/\/ways.se\/wp-content\/uploads\/iStock-834774078-1024x683.jpg 1024w, https:\/\/ways.se\/wp-content\/uploads\/iStock-834774078-300x200.jpg 300w, https:\/\/ways.se\/wp-content\/uploads\/iStock-834774078-768x512.jpg 768w, https:\/\/ways.se\/wp-content\/uploads\/iStock-834774078-1536x1024.jpg 1536w, https:\/\/ways.se\/wp-content\/uploads\/iStock-834774078-2048x1365.jpg 2048w\" sizes=\"auto, (max-width: 1024px) 100vw, 1024px\" \/><\/figure>\n<\/div>\n\n\n\n<div class=\"wp-block-column is-layout-flow wp-block-column-is-layout-flow\">\n<p>MetaShare g\u00f6r det m\u00f6jligt att hantera dokument p\u00e5 en helt ny niv\u00e5 i Microsoft 365 och \u00e4r mycket l\u00e4mpligt f\u00f6r olika typer av dokument som \u00e4r viktiga f\u00f6r din organisation d\u00e4r du har krav p\u00e5 att dokument \u00e4r korrekta, uppdaterade och hanteras p\u00e5 ett s\u00e4kert och effektivt s\u00e4tt eller om dokument ska lagras av historiska sk\u00e4l. <a href=\"https:\/\/metashare.com\/sv\/\">MetaShare<\/a> \u00e4r en del av Microsoft 365 och fungerar bland annat utm\u00e4rkt i Microsoft Teams.<\/p>\n\n\n\n<p>F\u00f6r de dokument som inte kr\u00e4ver samma niv\u00e5 av hantering erbjuder vi v\u00e5ra expertkunskaper f\u00f6r att konfigurera standard SharePoint eller Microsoft Teams enligt b\u00e4sta praxis.&nbsp;<\/p>\n<\/div>\n<\/div>\n<\/div><\/div>\n\n\n\n<p><a href=\"https:\/\/ways.se\/sv\/kontakta-oss\/\" data-type=\"page\" data-id=\"223\"><strong>Kontakta oss<\/strong><\/a> f\u00f6r diskussion kring hur vi kan hj\u00e4lpa er med utveckling av Microsoft 365-l\u00f6sningar.<\/p>\n","protected":false},"excerpt":{"rendered":"<p>V\u00e5r expertis ligger i att extrahera varje uns av nytta av Microsofts omfattande ekosystem och applikationer. I v\u00e5ra h\u00e4nder blir Microsoft 365 inte enbart ett verktyg, det f\u00f6rvandlas till en dynamisk kraft som driver produktivitet &#8230; <\/p>\n<p class=\"read-more-container\"><a title=\"Microsoft 365-l\u00f6sningar\" class=\"read-more button\" href=\"https:\/\/ways.se\/sv\/vara-tjanster\/microsoft-365-losningar\/\" aria-label=\"L\u00e4s mer om Microsoft 365-l\u00f6sningar\">L\u00e4s mer<\/a><\/p>\n","protected":false},"author":2,"featured_media":0,"parent":765,"menu_order":0,"comment_status":"closed","ping_status":"closed","template":"","meta":{"_acf_changed":false,"footnotes":""},"element-controls":[],"class_list":{"0":"post-43828","1":"page","2":"type-page","3":"status-publish","5":"no-featured-image-padding"},"acf":[],"_links":{"self":[{"href":"https:\/\/ways.se\/sv\/wp-json\/wp\/v2\/pages\/43828","targetHints":{"allow":["GET"]}}],"collection":[{"href":"https:\/\/ways.se\/sv\/wp-json\/wp\/v2\/pages"}],"about":[{"href":"https:\/\/ways.se\/sv\/wp-json\/wp\/v2\/types\/page"}],"author":[{"embeddable":true,"href":"https:\/\/ways.se\/sv\/wp-json\/wp\/v2\/users\/2"}],"replies":[{"embeddable":true,"href":"https:\/\/ways.se\/sv\/wp-json\/wp\/v2\/comments?post=43828"}],"version-history":[{"count":7,"href":"https:\/\/ways.se\/sv\/wp-json\/wp\/v2\/pages\/43828\/revisions"}],"predecessor-version":[{"id":44284,"href":"https:\/\/ways.se\/sv\/wp-json\/wp\/v2\/pages\/43828\/revisions\/44284"}],"up":[{"embeddable":true,"href":"https:\/\/ways.se\/sv\/wp-json\/wp\/v2\/pages\/765"}],"wp:attachment":[{"href":"https:\/\/ways.se\/sv\/wp-json\/wp\/v2\/media?parent=43828"}],"wp:term":[{"taxonomy":"element-controls","embeddable":true,"href":"https:\/\/ways.se\/sv\/wp-json\/wp\/v2\/element-controls?post=43828"}],"curies":[{"name":"wp","href":"https:\/\/api.w.org\/{rel}","templated":true}]}}