{"id":43830,"date":"2024-04-04T18:08:56","date_gmt":"2024-04-04T16:08:56","guid":{"rendered":"https:\/\/ways.se\/?page_id=43830"},"modified":"2024-09-11T17:13:58","modified_gmt":"2024-09-11T15:13:58","slug":"intranat","status":"publish","type":"page","link":"https:\/\/ways.se\/sv\/vara-tjanster\/intranat\/","title":{"rendered":"Intran\u00e4t"},"content":{"rendered":"\n<div class=\"wp-block-columns is-layout-flex wp-container-core-columns-is-layout-9d6595d7 wp-block-columns-is-layout-flex\">\n<div class=\"wp-block-column is-layout-flow wp-block-column-is-layout-flow\">\n<p>SharePoint \u00e4r en del av Microsoft 365 och integreras s\u00f6ml\u00f6st med andra produkter och tj\u00e4nster som Teams, Outlook, Office, med mera. SharePoint \u00e4r en flexibel och skalbar l\u00f6sning som kan anpassas efter aff\u00e4rsbehov och preferenser f\u00f6r att f\u00f6rb\u00e4ttra samarbete, kommunikation och produktivitet.&nbsp;&nbsp;<\/p>\n\n\n\n<p>SharePoint g\u00f6r det m\u00f6jligt att skapa och dela ett mobilt, intelligent och anpassat intran\u00e4t f\u00f6r din organisation som m\u00f6jligg\u00f6r:&nbsp;<\/p>\n\n\n\n<ul class=\"wp-block-list\">\n<li>Effektivt samarbete med kollegor, kunder och partners p\u00e5 dynamiska gruppwebbplatser. Du kan dela filer, data, nyheter och resurser, samt anv\u00e4nda appar och flikar f\u00f6r att f\u00f6rb\u00e4ttra funktionalitet och produktivitet.&nbsp;<\/li>\n\n\n\n<li>Informationsspridning och engagemang med snygga och interaktiva kommunikationswebbplatser. Du kan f\u00f6rmedla ditt budskap, dela gemensamma resurser och program, och h\u00e5lla alla uppdaterade med anpassade och riktade nyheter.&nbsp;<\/li>\n\n\n\n<li>Hitta och organisera information med kraftfulla s\u00f6kfunktioner och smarta s\u00e4tt att hitta kunskap och insikter. Du kan anv\u00e4nda metadata, filter, synkronisering och integration med andra Microsoft-produkter och tj\u00e4nster f\u00f6r att g\u00f6ra ditt inneh\u00e5ll l\u00e4ttillg\u00e4ngligt och anv\u00e4ndbart.<\/li>\n<\/ul>\n\n\n\n<h2 class=\"wp-block-heading\">L\u00e4s mer<\/h2>\n\n\n\n<p><a href=\"https:\/\/ways.se\/sv\/nyheter\/ways-far-i-uppdrag-att-ta-rejlers-intranat-till-nasta-niva\/\" data-type=\"post\" data-id=\"15874\">Ways f\u00e5r i uppdrag att ta Rejlers intran\u00e4t till n\u00e4sta niv\u00e5<\/a><\/p>\n\n\n\n<p><a href=\"https:\/\/ways.se\/sv\/nyheter\/ways-far-uppdraget-att-utforma-roda-korsets-hogskolas-digitala-motesplats\/\" data-type=\"post\" data-id=\"14657\">Ways f\u00e5r uppdraget att utforma R\u00f6da&nbsp;Korsets&nbsp;H\u00f6gskolas&nbsp;digitala m\u00f6tesplats<\/a><\/p>\n\n\n\n<p><strong><a href=\"https:\/\/ways.se\/sv\/kontakta-oss\/\" data-type=\"page\" data-id=\"223\">Kontakta oss<\/a><\/strong> om du \u00e4r i behov av ett SharePoint-baserat intran\u00e4t.\u202f<\/p>\n<\/div>\n\n\n\n<div class=\"wp-block-column is-layout-flow wp-block-column-is-layout-flow\">\n<figure class=\"wp-block-image size-large\"><img loading=\"lazy\" decoding=\"async\" width=\"1024\" height=\"678\" src=\"https:\/\/ways.se\/wp-content\/uploads\/intranet-1024x678.jpg\" alt=\"\" class=\"wp-image-43920\" srcset=\"https:\/\/ways.se\/wp-content\/uploads\/intranet-1024x678.jpg 1024w, https:\/\/ways.se\/wp-content\/uploads\/intranet-300x199.jpg 300w, https:\/\/ways.se\/wp-content\/uploads\/intranet-768x509.jpg 768w, https:\/\/ways.se\/wp-content\/uploads\/intranet.jpg 1280w\" sizes=\"auto, (max-width: 1024px) 100vw, 1024px\" \/><\/figure>\n<\/div>\n<\/div>\n","protected":false},"excerpt":{"rendered":"<p>SharePoint \u00e4r en del av Microsoft 365 och integreras s\u00f6ml\u00f6st med andra produkter och tj\u00e4nster som Teams, Outlook, Office, med mera. SharePoint \u00e4r en flexibel och skalbar l\u00f6sning som kan anpassas efter aff\u00e4rsbehov och preferenser &#8230; <\/p>\n<p class=\"read-more-container\"><a title=\"Intran\u00e4t\" class=\"read-more button\" href=\"https:\/\/ways.se\/sv\/vara-tjanster\/intranat\/\" aria-label=\"L\u00e4s mer om Intran\u00e4t\">L\u00e4s mer<\/a><\/p>\n","protected":false},"author":2,"featured_media":0,"parent":765,"menu_order":0,"comment_status":"closed","ping_status":"closed","template":"","meta":{"_acf_changed":false,"footnotes":""},"element-controls":[],"class_list":{"0":"post-43830","1":"page","2":"type-page","3":"status-publish","5":"no-featured-image-padding"},"acf":[],"_links":{"self":[{"href":"https:\/\/ways.se\/sv\/wp-json\/wp\/v2\/pages\/43830","targetHints":{"allow":["GET"]}}],"collection":[{"href":"https:\/\/ways.se\/sv\/wp-json\/wp\/v2\/pages"}],"about":[{"href":"https:\/\/ways.se\/sv\/wp-json\/wp\/v2\/types\/page"}],"author":[{"embeddable":true,"href":"https:\/\/ways.se\/sv\/wp-json\/wp\/v2\/users\/2"}],"replies":[{"embeddable":true,"href":"https:\/\/ways.se\/sv\/wp-json\/wp\/v2\/comments?post=43830"}],"version-history":[{"count":6,"href":"https:\/\/ways.se\/sv\/wp-json\/wp\/v2\/pages\/43830\/revisions"}],"predecessor-version":[{"id":44674,"href":"https:\/\/ways.se\/sv\/wp-json\/wp\/v2\/pages\/43830\/revisions\/44674"}],"up":[{"embeddable":true,"href":"https:\/\/ways.se\/sv\/wp-json\/wp\/v2\/pages\/765"}],"wp:attachment":[{"href":"https:\/\/ways.se\/sv\/wp-json\/wp\/v2\/media?parent=43830"}],"wp:term":[{"taxonomy":"element-controls","embeddable":true,"href":"https:\/\/ways.se\/sv\/wp-json\/wp\/v2\/element-controls?post=43830"}],"curies":[{"name":"wp","href":"https:\/\/api.w.org\/{rel}","templated":true}]}}