{"id":43834,"date":"2024-04-04T18:08:56","date_gmt":"2024-04-04T16:08:56","guid":{"rendered":"https:\/\/ways.se\/?page_id=43834"},"modified":"2026-03-03T14:04:07","modified_gmt":"2026-03-03T13:04:07","slug":"artificiell-intelligens","status":"publish","type":"page","link":"https:\/\/ways.se\/sv\/vara-tjanster\/artificiell-intelligens\/","title":{"rendered":"Artificiell intelligens"},"content":{"rendered":"\n<div class=\"wp-block-columns is-layout-flex wp-container-core-columns-is-layout-9d6595d7 wp-block-columns-is-layout-flex\">\n<div class=\"wp-block-column is-layout-flow wp-block-column-is-layout-flow\">\n<p><strong>Microsoft 365 har AI inbyggt som m\u00f6jligg\u00f6r f\u00f6rst\u00e5else, bearbetning och hantering av inneh\u00e5ll p\u00e5 ett smart och effektivt s\u00e4tt. <\/strong><\/p>\n\n\n\n<p>Inte minst Copilot, en slags superassistent som underl\u00e4ttar arbetsdagen och snabbar upp arbete genom att f\u00f6rst\u00e5, hitta, sammanst\u00e4lla, f\u00f6ruts\u00e4ga och generera inneh\u00e5ll baserat p\u00e5 kunskap i all dokumentation i Microsoft 365-milj\u00f6n (Word, Excel, PowerPoint, Outlook, Teams och SharePoint).\u202f\u202f&nbsp;<\/p>\n\n\n\n<p>Copilot kan \u00e4ven extrahera och sammanst\u00e4lla data fr\u00e5n ett projekt f\u00f6r flera \u00e5r sedan, vilket g\u00f6r det m\u00f6jligt att f\u00f6rbereda ett m\u00f6te utan att beh\u00f6va navigera genom en komplex mappstruktur.<\/p>\n\n\n\n<p>En annan till\u00e4mpning av AI \u00e4r automatisk organisering och klassificering av dokument\/bilder med hj\u00e4lp av SharePoint Premium.<\/p>\n\n\n\n<h2 class=\"wp-block-heading\">L\u00e4s mer<\/h2>\n\n\n\n<p><a href=\"https:\/\/ways.se\/sv\/artiklar\/gor-dig-startklar-for-microsoft-copilot\/\" data-type=\"post\" data-id=\"16104\">G\u00f6r dig startklar f\u00f6r Microsoft Copilot<\/a><\/p>\n\n\n\n<div class=\"wp-block-group has-accent-2-background-color has-background\"><div class=\"wp-block-group__inner-container is-layout-constrained wp-block-group-is-layout-constrained\">\n<h2 class=\"wp-block-heading\">MetaShare underl\u00e4ttar f\u00f6r Copilot&nbsp;<\/h2>\n\n\n\n<p><a href=\"https:\/\/metashare.com\/sv\/\">MetaShare<\/a> syftar till att g\u00f6ra det enklare att organisera dokument genom att anv\u00e4nda metadata, vilket \u00e4r information om dokumentet. MetaShare hj\u00e4lper till att ordna och hantera samarbetsytor, som \u00e4r platser d\u00e4r m\u00e4nniskor kan dela dokument (som SharePoint-sajter). M\u00e5let \u00e4r att se till att r\u00e4tt personer f\u00e5r tillg\u00e5ng till r\u00e4tt dokument och inneh\u00e5ll. Det skapar ocks\u00e5 en ordnad struktur f\u00f6r vem som f\u00e5r tillg\u00e5ng till vilka dokument, vilket kallas beh\u00f6righetsstruktur. Ut\u00f6ver detta hj\u00e4lper MetaShare till att skapa goda arbetsvanor f\u00f6r hur organisationen strukturerar sitt inneh\u00e5ll.&nbsp;<\/p>\n\n\n\n<p><a href=\"https:\/\/metashare.com\/sv\/losningar\/orbit\/\">MetaShare Orbit<\/a>, hj\u00e4lper organisationen att organisera sitt inneh\u00e5ll genom att best\u00e4mma vilka dokument som b\u00f6r gallras eller arkiveras. Detta g\u00f6rs automatiskt baserat p\u00e5 regler som du s\u00e4tter upp. Det betyder att du alltid kan vara s\u00e4ker p\u00e5 att ditt dokumentinneh\u00e5ll \u00e4r uppdaterat och relevant. Arkiverade dokument kan ocks\u00e5 enkelt undantas fr\u00e5n Copilot.\u00a0<\/p>\n<\/div><\/div>\n\n\n\n<p><a href=\"https:\/\/ways.se\/sv\/kontakta-oss\/\" data-type=\"page\" data-id=\"223\"><strong>Kontakta oss<\/strong><\/a> f\u00f6r hj\u00e4lp med maximal anv\u00e4ndning av AI i Microsoft&nbsp;365.<\/p>\n<\/div>\n\n\n\n<div class=\"wp-block-column is-layout-flow wp-block-column-is-layout-flow\">\n<figure class=\"wp-block-image size-large\"><img loading=\"lazy\" decoding=\"async\" width=\"1024\" height=\"683\" src=\"https:\/\/ways.se\/wp-content\/uploads\/ai-kunskapshantering-1024x683.jpg\" alt=\"\" class=\"wp-image-43955\" srcset=\"https:\/\/ways.se\/wp-content\/uploads\/ai-kunskapshantering-1024x683.jpg 1024w, https:\/\/ways.se\/wp-content\/uploads\/ai-kunskapshantering-300x200.jpg 300w, https:\/\/ways.se\/wp-content\/uploads\/ai-kunskapshantering-768x512.jpg 768w, https:\/\/ways.se\/wp-content\/uploads\/ai-kunskapshantering.jpg 1280w\" sizes=\"auto, (max-width: 1024px) 100vw, 1024px\" \/><\/figure>\n<\/div>\n<\/div>\n","protected":false},"excerpt":{"rendered":"<p>Microsoft 365 har AI inbyggt som m\u00f6jligg\u00f6r f\u00f6rst\u00e5else, bearbetning och hantering av inneh\u00e5ll p\u00e5 ett smart och effektivt s\u00e4tt. Inte minst Copilot, en slags superassistent som underl\u00e4ttar arbetsdagen och snabbar upp arbete genom att f\u00f6rst\u00e5, &#8230; <\/p>\n<p class=\"read-more-container\"><a title=\"Artificiell intelligens\" class=\"read-more button\" href=\"https:\/\/ways.se\/sv\/vara-tjanster\/artificiell-intelligens\/\" aria-label=\"L\u00e4s mer om Artificiell intelligens\">L\u00e4s mer<\/a><\/p>\n","protected":false},"author":2,"featured_media":0,"parent":765,"menu_order":0,"comment_status":"closed","ping_status":"closed","template":"","meta":{"_acf_changed":false,"footnotes":""},"element-controls":[],"class_list":{"0":"post-43834","1":"page","2":"type-page","3":"status-publish","5":"no-featured-image-padding"},"acf":[],"_links":{"self":[{"href":"https:\/\/ways.se\/sv\/wp-json\/wp\/v2\/pages\/43834","targetHints":{"allow":["GET"]}}],"collection":[{"href":"https:\/\/ways.se\/sv\/wp-json\/wp\/v2\/pages"}],"about":[{"href":"https:\/\/ways.se\/sv\/wp-json\/wp\/v2\/types\/page"}],"author":[{"embeddable":true,"href":"https:\/\/ways.se\/sv\/wp-json\/wp\/v2\/users\/2"}],"replies":[{"embeddable":true,"href":"https:\/\/ways.se\/sv\/wp-json\/wp\/v2\/comments?post=43834"}],"version-history":[{"count":9,"href":"https:\/\/ways.se\/sv\/wp-json\/wp\/v2\/pages\/43834\/revisions"}],"predecessor-version":[{"id":46087,"href":"https:\/\/ways.se\/sv\/wp-json\/wp\/v2\/pages\/43834\/revisions\/46087"}],"up":[{"embeddable":true,"href":"https:\/\/ways.se\/sv\/wp-json\/wp\/v2\/pages\/765"}],"wp:attachment":[{"href":"https:\/\/ways.se\/sv\/wp-json\/wp\/v2\/media?parent=43834"}],"wp:term":[{"taxonomy":"element-controls","embeddable":true,"href":"https:\/\/ways.se\/sv\/wp-json\/wp\/v2\/element-controls?post=43834"}],"curies":[{"name":"wp","href":"https:\/\/api.w.org\/{rel}","templated":true}]}}