{"id":44101,"date":"2024-04-04T18:08:56","date_gmt":"2024-04-04T16:08:56","guid":{"rendered":"https:\/\/ways.se\/?page_id=44101"},"modified":"2024-10-30T16:33:39","modified_gmt":"2024-10-30T15:33:39","slug":"migrering","status":"publish","type":"page","link":"https:\/\/ways.se\/sv\/vara-tjanster\/migrering\/","title":{"rendered":"Migrering"},"content":{"rendered":"\n<div class=\"wp-block-columns is-layout-flex wp-container-core-columns-is-layout-9d6595d7 wp-block-columns-is-layout-flex\">\n<div class=\"wp-block-column is-layout-flow wp-block-column-is-layout-flow\">\n<p>Att migrera dokument till SharePoint f\u00f6rb\u00e4ttrar arbetet och \u00f6kar inneh\u00e5llskvaliteten, men kr\u00e4ver noggrann planering, f\u00f6rberedelse och uppf\u00f6ljning.<\/p>\n\n\n\n<p>Exempel p\u00e5 olika migreringar:<\/p>\n\n\n\n<ul class=\"wp-block-list\">\n<li>Fr\u00e5n filserver till SharePoint i Microsoft 365&nbsp;<\/li>\n\n\n\n<li>Fr\u00e5n SharePoint Onprem till SharePoint i Microsoft 365&nbsp;<\/li>\n\n\n\n<li>Fr\u00e5n andra dokumenthanteringssystem (exempelvis M-Files) till SharePoint i Microsoft 365.&nbsp;<\/li>\n<\/ul>\n\n\n\n<p>V\u00e5r expertis och migreringsverktyg kan hj\u00e4lpa dig att g\u00f6ra detta smidigt.<\/p>\n\n\n\n<h2 class=\"wp-block-heading\">Kundcase<\/h2>\n\n\n\n<ul class=\"wp-block-list\">\n<li><a href=\"https:\/\/ways.se\/sv\/nyheter\/effektiv-och-saker-migrering-vestdavit-migrerar-sina-dokument-fran-filserver-till-metashare-med-automatisk-metadatasattning\/\">Effektiv och s\u00e4ker migrering: Vestdavit migrerar sina dokument fr\u00e5n filserver till MetaShare med automatisk metadatas\u00e4ttning<\/a><\/li>\n\n\n\n<li><a href=\"https:\/\/ways.se\/sv\/nyheter\/effektiv-dokumentmigrering-iva-overgar-fran-m-files-till-metashare-for-forbattrad-produktivitet\/\">Effektiv dokumentmigrering: IVA \u00f6verg\u00e5r fr\u00e5n M-Files till MetaShare f\u00f6r f\u00f6rb\u00e4ttrad produktivitet<\/a><\/li>\n<\/ul>\n\n\n\n<h2 class=\"wp-block-heading\">L\u00e4s mer<\/h2>\n\n\n\n<p><a href=\"https:\/\/ways.se\/sv\/artiklar\/vara-tips-for-framgangsrik-dokumentmigrering\/\" data-type=\"post\" data-id=\"43975\">V\u00e5ra tips f\u00f6r framg\u00e5ngsrik dokumentmigrering<\/a><\/p>\n\n\n\n<p><a href=\"https:\/\/ways.se\/sv\/kontakta-oss\/\" data-type=\"page\" data-id=\"223\"><strong>Kontakta oss<\/strong><\/a> f\u00f6r att l\u00e4ra dig mer om hur vi kan st\u00f6dja din dokumentmigrering till SharePoint.&nbsp;<\/p>\n<\/div>\n\n\n\n<div class=\"wp-block-column is-layout-flow wp-block-column-is-layout-flow\">\n<figure class=\"wp-block-image size-large\"><img loading=\"lazy\" decoding=\"async\" width=\"1024\" height=\"682\" src=\"https:\/\/ways.se\/wp-content\/uploads\/migrering-1024x682.jpg\" alt=\"\" class=\"wp-image-43947\" srcset=\"https:\/\/ways.se\/wp-content\/uploads\/migrering-1024x682.jpg 1024w, https:\/\/ways.se\/wp-content\/uploads\/migrering-300x200.jpg 300w, https:\/\/ways.se\/wp-content\/uploads\/migrering-768x512.jpg 768w, https:\/\/ways.se\/wp-content\/uploads\/migrering.jpg 1280w\" sizes=\"auto, (max-width: 1024px) 100vw, 1024px\" \/><\/figure>\n<\/div>\n<\/div>\n","protected":false},"excerpt":{"rendered":"<p>Att migrera dokument till SharePoint f\u00f6rb\u00e4ttrar arbetet och \u00f6kar inneh\u00e5llskvaliteten, men kr\u00e4ver noggrann planering, f\u00f6rberedelse och uppf\u00f6ljning. Exempel p\u00e5 olika migreringar: V\u00e5r expertis och migreringsverktyg kan hj\u00e4lpa dig att g\u00f6ra detta smidigt. Kundcase L\u00e4s mer &#8230; <\/p>\n<p class=\"read-more-container\"><a title=\"Migrering\" class=\"read-more button\" href=\"https:\/\/ways.se\/sv\/vara-tjanster\/migrering\/\" aria-label=\"L\u00e4s mer om Migrering\">L\u00e4s mer<\/a><\/p>\n","protected":false},"author":8,"featured_media":0,"parent":765,"menu_order":0,"comment_status":"closed","ping_status":"closed","template":"","meta":{"_acf_changed":false,"footnotes":""},"element-controls":[],"class_list":{"0":"post-44101","1":"page","2":"type-page","3":"status-publish","5":"no-featured-image-padding"},"acf":[],"_links":{"self":[{"href":"https:\/\/ways.se\/sv\/wp-json\/wp\/v2\/pages\/44101","targetHints":{"allow":["GET"]}}],"collection":[{"href":"https:\/\/ways.se\/sv\/wp-json\/wp\/v2\/pages"}],"about":[{"href":"https:\/\/ways.se\/sv\/wp-json\/wp\/v2\/types\/page"}],"author":[{"embeddable":true,"href":"https:\/\/ways.se\/sv\/wp-json\/wp\/v2\/users\/8"}],"replies":[{"embeddable":true,"href":"https:\/\/ways.se\/sv\/wp-json\/wp\/v2\/comments?post=44101"}],"version-history":[{"count":4,"href":"https:\/\/ways.se\/sv\/wp-json\/wp\/v2\/pages\/44101\/revisions"}],"predecessor-version":[{"id":44845,"href":"https:\/\/ways.se\/sv\/wp-json\/wp\/v2\/pages\/44101\/revisions\/44845"}],"up":[{"embeddable":true,"href":"https:\/\/ways.se\/sv\/wp-json\/wp\/v2\/pages\/765"}],"wp:attachment":[{"href":"https:\/\/ways.se\/sv\/wp-json\/wp\/v2\/media?parent=44101"}],"wp:term":[{"taxonomy":"element-controls","embeddable":true,"href":"https:\/\/ways.se\/sv\/wp-json\/wp\/v2\/element-controls?post=44101"}],"curies":[{"name":"wp","href":"https:\/\/api.w.org\/{rel}","templated":true}]}}