{"id":44127,"date":"2024-04-05T11:04:26","date_gmt":"2024-04-05T09:04:26","guid":{"rendered":"https:\/\/ways.se\/?page_id=44127"},"modified":"2024-09-03T14:54:48","modified_gmt":"2024-09-03T12:54:48","slug":"backup","status":"publish","type":"page","link":"https:\/\/ways.se\/sv\/vara-tjanster\/backup\/","title":{"rendered":"Backup"},"content":{"rendered":"\n<div class=\"wp-block-columns is-layout-flex wp-container-core-columns-is-layout-9d6595d7 wp-block-columns-is-layout-flex\">\n<div class=\"wp-block-column is-layout-flow wp-block-column-is-layout-flow\">\n<p><a href=\"https:\/\/www.avepoint.com\/products\/cloud\/backup\" target=\"_blank\" rel=\"noreferrer noopener\">AvePoint Cloud Backup<\/a> \u00e4r en komplett s\u00e4kerhetskopieringsl\u00f6sning f\u00f6r Microsoft 365. Med automatiserade s\u00e4kerhetskopieringar och detaljerade \u00e5terst\u00e4llningsfunktioner skyddar l\u00f6sningen allt inneh\u00e5ll i Microsoft 365 oavsett var det ligger (Exchange Online, SharePoint Online, Project Online, OneDrive f\u00f6r f\u00f6retag, i grupper och allm\u00e4nna mappar).<\/p>\n\n\n\n<p>Ways erbjuder strategisk r\u00e5dgivning och tekniskt konsultst\u00f6d f\u00f6r maximal effekt av Microsoft 365.<\/p>\n\n\n\n<h2 class=\"wp-block-heading\">Kundcase<\/h2>\n\n\n\n<p><a href=\"https:\/\/ways.se\/sv\/nyheter\/trygg-och-palitlig-backup-heba-sakrar-sina-dokument-i-molnet-med-avepoint-cloud-backup\/\">Trygg och p\u00e5litlig backup: Heba s\u00e4krar sina dokument i molnet med AvePoint Cloud Backup<\/a><\/p>\n\n\n\n<h2 class=\"wp-block-heading\">L\u00e4s mer<\/h2>\n\n\n\n<p><a href=\"https:\/\/ways.se\/sv\/artiklar\/valj-ratt-backup-losning-for-microsoft-365\/\" data-type=\"post\" data-id=\"44137\">V\u00e4lj r\u00e4tt backup-l\u00f6sning f\u00f6r Microsoft 365<\/a><\/p>\n\n\n\n<p><a href=\"https:\/\/ways.se\/sv\/kontakta-oss\/\" data-type=\"page\" data-id=\"223\"><strong>Kontakta oss<\/strong><\/a> f\u00f6r att h\u00f6ra hur vi kan hj\u00e4lpa dig med backup-l\u00f6sningar.<\/p>\n<\/div>\n\n\n\n<div class=\"wp-block-column is-layout-flow wp-block-column-is-layout-flow\">\n<figure class=\"wp-block-image size-large\"><img loading=\"lazy\" decoding=\"async\" width=\"1024\" height=\"583\" src=\"https:\/\/ways.se\/wp-content\/uploads\/AvePoint-Backup-Cloud-1024x583.png\" alt=\"\" class=\"wp-image-11566\" srcset=\"https:\/\/ways.se\/wp-content\/uploads\/AvePoint-Backup-Cloud-1024x583.png 1024w, https:\/\/ways.se\/wp-content\/uploads\/AvePoint-Backup-Cloud-300x171.png 300w, https:\/\/ways.se\/wp-content\/uploads\/AvePoint-Backup-Cloud-768x437.png 768w, https:\/\/ways.se\/wp-content\/uploads\/AvePoint-Backup-Cloud-1200x684.png 1200w, https:\/\/ways.se\/wp-content\/uploads\/AvePoint-Backup-Cloud.png 1264w\" sizes=\"auto, (max-width: 1024px) 100vw, 1024px\" \/><\/figure>\n<\/div>\n<\/div>\n\n\n\n<p><\/p>\n","protected":false},"excerpt":{"rendered":"<p>AvePoint Cloud Backup \u00e4r en komplett s\u00e4kerhetskopieringsl\u00f6sning f\u00f6r Microsoft 365. Med automatiserade s\u00e4kerhetskopieringar och detaljerade \u00e5terst\u00e4llningsfunktioner skyddar l\u00f6sningen allt inneh\u00e5ll i Microsoft 365 oavsett var det ligger (Exchange Online, SharePoint Online, Project Online, OneDrive f\u00f6r &#8230; <\/p>\n<p class=\"read-more-container\"><a title=\"Backup\" class=\"read-more button\" href=\"https:\/\/ways.se\/sv\/vara-tjanster\/backup\/\" aria-label=\"L\u00e4s mer om Backup\">L\u00e4s mer<\/a><\/p>\n","protected":false},"author":8,"featured_media":0,"parent":765,"menu_order":0,"comment_status":"closed","ping_status":"closed","template":"","meta":{"_acf_changed":false,"footnotes":""},"element-controls":[],"class_list":{"0":"post-44127","1":"page","2":"type-page","3":"status-publish","5":"no-featured-image-padding"},"acf":[],"_links":{"self":[{"href":"https:\/\/ways.se\/sv\/wp-json\/wp\/v2\/pages\/44127","targetHints":{"allow":["GET"]}}],"collection":[{"href":"https:\/\/ways.se\/sv\/wp-json\/wp\/v2\/pages"}],"about":[{"href":"https:\/\/ways.se\/sv\/wp-json\/wp\/v2\/types\/page"}],"author":[{"embeddable":true,"href":"https:\/\/ways.se\/sv\/wp-json\/wp\/v2\/users\/8"}],"replies":[{"embeddable":true,"href":"https:\/\/ways.se\/sv\/wp-json\/wp\/v2\/comments?post=44127"}],"version-history":[{"count":5,"href":"https:\/\/ways.se\/sv\/wp-json\/wp\/v2\/pages\/44127\/revisions"}],"predecessor-version":[{"id":44655,"href":"https:\/\/ways.se\/sv\/wp-json\/wp\/v2\/pages\/44127\/revisions\/44655"}],"up":[{"embeddable":true,"href":"https:\/\/ways.se\/sv\/wp-json\/wp\/v2\/pages\/765"}],"wp:attachment":[{"href":"https:\/\/ways.se\/sv\/wp-json\/wp\/v2\/media?parent=44127"}],"wp:term":[{"taxonomy":"element-controls","embeddable":true,"href":"https:\/\/ways.se\/sv\/wp-json\/wp\/v2\/element-controls?post=44127"}],"curies":[{"name":"wp","href":"https:\/\/api.w.org\/{rel}","templated":true}]}}