{"id":82,"date":"2019-12-10T11:28:07","date_gmt":"2019-12-10T10:28:07","guid":{"rendered":"https:\/\/ways.se\/kort-om-ways\/"},"modified":"2026-04-21T08:47:03","modified_gmt":"2026-04-21T06:47:03","slug":"om-oss","status":"publish","type":"page","link":"https:\/\/ways.se\/sv\/om-oss\/","title":{"rendered":"Om oss"},"content":{"rendered":"<div class=\"gb-container gb-container-ac5bc7a9 hero\">\n<div class=\"gb-container gb-container-2930ee01 hero-overlay\">\n<div class=\"gb-container gb-container-92452b8d hero-content\">\n<h1 class=\"gb-headline gb-headline-204e5bb8 gb-headline-text\">Om oss<\/h1>\n\n\n<div class=\"wp-block-buttons is-vertical is-content-justification-center is-layout-flex wp-container-core-buttons-is-layout-9a7cdcfd wp-block-buttons-is-layout-flex\">\n<div class=\"wp-block-button\"><a class=\"wp-block-button__link wp-element-button\" href=\"#var-story\">V\u00e5r story<\/a><\/div>\n\n\n\n<div class=\"wp-block-button\"><a class=\"wp-block-button__link wp-element-button\" href=\"#kundcase\">Kundcase<\/a><\/div>\n\n\n\n<div class=\"wp-block-button\"><a class=\"wp-block-button__link wp-element-button\" href=\"https:\/\/ways.se\/sv\/jobba-har\/\">Jobba h\u00e4r<\/a><\/div>\n<\/div>\n\n<\/div>\n<\/div>\n<\/div>\n\n<div class=\"gb-container gb-container-d0d009d3 preamble\">\n<div class=\"gb-container gb-container-6ea6a729 preamble-inner\"><div class=\"gb-inside-container\">\n\n<p>Ways grundandes 2006 utifr\u00e5n visionen att f\u00f6renkla dokumenthantering f\u00f6r Microsoft 365-anv\u00e4ndare.<\/p>\n\n\n\n<p>Som svenska IT-entrepren\u00f6rer med gedigen kunskap om Microsoft 365 har Ways utvecklat SaaS-l\u00f6sningen MetaShare &#8211; en app som hj\u00e4lper M365-anv\u00e4ndaren att hantera dokument p\u00e5 ett helt nytt s\u00e4tt med hj\u00e4lp av metadata.<\/p>\n\n\n\n<p>Ways kunder best\u00e5r av kunskapsintensiva f\u00f6retag som anv\u00e4nder Microsoft 365. Gemensamt f\u00f6r MetaShare-kunderna \u00e4r att de hanterar mycket data och m\u00e5nga projekt med en verksamhet som st\u00e4ller h\u00f6ga krav p\u00e5 dokumentation. Kunderna finns \u00f6ver hela Norden och internationellt. Kontoret ligger p\u00e5 Klarabergsviadukten i Stockholm.<\/p>\n\n\n\n<p>Ways prim\u00e4ra fokus \u00e4r att utbilda svenska och internationella f\u00f6retag i v\u00e4rdet av effektiv dokumenthantering som en stark konkurrensf\u00f6rdel i dagens digitala f\u00f6retagsklimat.<\/p>\n\n\n\n<p>Sugen p\u00e5 att l\u00e4ra dig mer? Anm\u00e4l dig till v\u00e5ra <a href=\"https:\/\/ways.se\/sv\/insikter\/\" data-type=\"page\">webbinarier<\/a>. <\/p>\n\n<\/div><\/div>\n<\/div>\n\n<div class=\"gb-container gb-container-c150ad8f contained\">\n<div class=\"gb-container gb-container-6e8ed628 contained-inner\">\n\n<div class=\"grid-small gb-element-8b93d892\"><div class=\"gb-container gb-container-e1853d60\">\n\n<figure class=\"wp-block-image size-large wp-duotone-000000-ffffff-1\"><img decoding=\"async\" src=\"https:\/\/ways.se\/wp-content\/uploads\/metashare-founders-1024x644.jpg\" alt=\"Carl M\u00e5rn Per Rolder\" class=\"wp-image-2486\"\/><figcaption class=\"wp-element-caption\">Carl M\u00e5rn (medgrundare), Per Rolder (VD)<\/figcaption><\/figure>\n\n<\/div>\n\n<div class=\"gb-container gb-container-ea726b64\">\n\n<h2 class=\"wp-block-heading\" id=\"var-story\">V\u00e5r story<\/h2>\n\n\n\n<p>Vi p\u00e5 Ways ser att de flesta f\u00f6retag g\u00e5r miste om aff\u00e4rspotentialen i smart dokumenthantering.<\/p>\n\n\n\n<p>D\u00e4rf\u00f6r har vi utvecklat en banbrytande dokumenthanteringsl\u00f6sning, MetaShare. Den ser till att du kan jobba ist\u00e4llet f\u00f6r att leta efter dokument. Att du jobbar i r\u00e4tt version, inte f\u00f6rlorar n\u00e5got dokument och att de som inte anv\u00e4nds gallras bort automatiskt. Dessutom g\u00f6r MetaShare att du aldrig missar att omf\u00f6rhandla ett avtal, eller att k\u00e4nsliga dokument hamnar p\u00e5 villov\u00e4gar. Allt till en l\u00e4gre kostnad \u00e4n en medarbetares dagliga koppar kaffe.<\/p>\n\n\n\n<p>Anledningen till att vi utvecklade MetaShare var att vi s\u00e5g att vi kunde ta dokumenthanteringspotentialen i SharePoint fr\u00e5n standard till turbo. N\u00e5got Microsoft aldrig skulle g\u00f6ra eftersom deras uppgift \u00e4r att tillhandah\u00e5lla standardfunktioner.<\/p>\n\n\n\n<p>Att anv\u00e4nda MetaShare ger en boost till aff\u00e4ren. Och till arbetsgl\u00e4djen. Det \u00e4r smart, tryggt och snyggt och g\u00f6r att medarbetarna kan fokusera p\u00e5 att skapa v\u00e4rde ist\u00e4llet f\u00f6r att hantera dokument.<\/p>\n\n\n\n<p>Hur kan vi hj\u00e4lpa dig? <\/p>\n\n\n\n<div class=\"wp-block-buttons is-layout-flex wp-block-buttons-is-layout-flex\">\n<div class=\"wp-block-button\"><a class=\"wp-block-button__link wp-element-button\" href=\"https:\/\/ways.se\/sv\/kontakta-oss\/\">Kontakta oss<\/a><\/div>\n<\/div>\n\n<\/div><\/div>\n\n<\/div>\n<\/div>\n\n<div class=\"gb-container gb-container-cb7d26d8 contained\">\n<div class=\"gb-container gb-container-7ac2f064 contained-inner\">\n\n<h2 class=\"wp-block-heading has-text-align-center\" id=\"kundcase\">Kundcase<\/h2>\n\n\n<div class=\"gb-container gb-container-3bec4ec0 customer-grid\">\n<div class=\"gb-container gb-container-3cfde691 customer-grid-item\">\n<div class=\"wp-block-image\">\n<figure class=\"aligncenter size-large is-resized\"><a href=\"https:\/\/metashare.com\/sv\/kundcase\/pts\/\" target=\"_blank\" rel=\"noreferrer noopener\"><img decoding=\"async\" src=\"https:\/\/metashare.com\/wp-content\/uploads\/\/pts.svg\" alt=\"Post- och telestyrelsen\" class=\"wp-image-12182\" style=\"width:auto;height:80px\"\/><\/a><\/figure>\n<\/div>\n<\/div>\n\n<div class=\"gb-container gb-container-c3995845 customer-grid-item\">\n<div class=\"wp-block-image\">\n<figure class=\"aligncenter size-large is-resized\"><a href=\"https:\/\/metashare.com\/sv\/kundcase\/rabbalshede-kraft\/\" target=\"_blank\" rel=\"noreferrer noopener\"><img decoding=\"async\" src=\"https:\/\/metashare.com\/wp-content\/uploads\/rabbalshede_kraft_stand.svg\" alt=\"Rabbalshede Kraft\" class=\"wp-image-97042\" style=\"width:auto;height:80px\"\/><\/a><\/figure>\n<\/div>\n<\/div>\n\n<div class=\"gb-container gb-container-c7b0a97b customer-grid-item\">\n<div class=\"wp-block-image\">\n<figure class=\"aligncenter size-full is-resized\"><a href=\"https:\/\/metashare.com\/sv\/kundcase\/hsb\/\" target=\"_blank\" rel=\"noreferrer noopener\"><img loading=\"lazy\" decoding=\"async\" width=\"280\" height=\"195\" src=\"https:\/\/metashare.com\/wp-content\/uploads\/hsb_sv_280px.png\" alt=\"HSB - D\u00e4r m\u00f6jligheterna bor\" class=\"wp-image-15070\" style=\"width:auto;height:80px\"\/><\/a><\/figure>\n<\/div>\n<\/div>\n\n<div class=\"gb-container gb-container-1e1a374e customer-grid-item\">\n<div class=\"wp-block-image\">\n<figure class=\"aligncenter size-large is-resized\"><a href=\"https:\/\/metashare.com\/sv\/kundcase\/afa-fastigheter\/\" target=\"_blank\" rel=\"noreferrer noopener\"><img decoding=\"async\" src=\"https:\/\/metashare.com\/wp-content\/uploads\/\/afa-fastigheter.svg\" alt=\"afa fastigheter\" class=\"wp-image-12254\" style=\"width:auto;height:80px\"\/><\/a><\/figure>\n<\/div>\n<\/div>\n\n<div class=\"gb-container gb-container-a8bfae2d customer-grid-item\">\n<div class=\"wp-block-image\">\n<figure class=\"aligncenter size-large is-resized\"><a href=\"https:\/\/metashare.com\/sv\/kundcase\/finansforbundet\/\" target=\"_blank\" rel=\"noreferrer noopener\"><img decoding=\"async\" src=\"https:\/\/metashare.com\/wp-content\/uploads\/\/finansforbundet.svg\" alt=\"Finansf\u00f6rbundet\" class=\"wp-image-12185\" style=\"width:auto;height:48px\"\/><\/a><\/figure>\n<\/div>\n<\/div>\n\n<div class=\"gb-container gb-container-bb2e4a02 customer-grid-item\">\n<div class=\"wp-block-image\">\n<figure class=\"aligncenter size-large is-resized\"><a href=\"https:\/\/metashare.com\/sv\/kundcase\/castellum\/\" target=\"_blank\" rel=\" noreferrer noopener\"><img loading=\"lazy\" decoding=\"async\" width=\"175\" height=\"45\" src=\"https:\/\/ways.se\/wp-content\/uploads\/castellum.svg\" alt=\"Castellum\" class=\"wp-image-15415\" style=\"width:auto;height:48px\"\/><\/a><\/figure>\n<\/div>\n<\/div>\n\n<div class=\"gb-container gb-container-cce6132b customer-grid-item\">\n\n<p><a href=\"https:\/\/metashare.com\/sv\/kundcase\/\" target=\"_blank\" rel=\"noreferrer noopener\"><strong>Fler kundcase<\/strong><\/a><\/p>\n\n<\/div>\n<\/div>\n<\/div>\n<\/div>","protected":false},"excerpt":{"rendered":"<p>Om oss Ways grundandes 2006 utifr\u00e5n visionen att f\u00f6renkla dokumenthantering f\u00f6r Microsoft 365-anv\u00e4ndare. Som svenska IT-entrepren\u00f6rer med gedigen kunskap om Microsoft 365 har Ways utvecklat SaaS-l\u00f6sningen MetaShare &#8211; en app som hj\u00e4lper M365-anv\u00e4ndaren att hantera &#8230; <\/p>\n<p class=\"read-more-container\"><a title=\"Om oss\" class=\"read-more button\" href=\"https:\/\/ways.se\/sv\/om-oss\/\" aria-label=\"L\u00e4s mer om Om oss\">L\u00e4s mer<\/a><\/p>\n","protected":false},"author":5,"featured_media":11366,"parent":0,"menu_order":0,"comment_status":"closed","ping_status":"closed","template":"","meta":{"_acf_changed":false,"footnotes":""},"element-controls":[105],"class_list":{"0":"post-82","1":"page","2":"type-page","3":"status-publish","4":"has-post-thumbnail","6":"element-controls-hero","7":"no-featured-image-padding"},"acf":[],"_links":{"self":[{"href":"https:\/\/ways.se\/sv\/wp-json\/wp\/v2\/pages\/82","targetHints":{"allow":["GET"]}}],"collection":[{"href":"https:\/\/ways.se\/sv\/wp-json\/wp\/v2\/pages"}],"about":[{"href":"https:\/\/ways.se\/sv\/wp-json\/wp\/v2\/types\/page"}],"author":[{"embeddable":true,"href":"https:\/\/ways.se\/sv\/wp-json\/wp\/v2\/users\/5"}],"replies":[{"embeddable":true,"href":"https:\/\/ways.se\/sv\/wp-json\/wp\/v2\/comments?post=82"}],"version-history":[{"count":34,"href":"https:\/\/ways.se\/sv\/wp-json\/wp\/v2\/pages\/82\/revisions"}],"predecessor-version":[{"id":46515,"href":"https:\/\/ways.se\/sv\/wp-json\/wp\/v2\/pages\/82\/revisions\/46515"}],"wp:featuredmedia":[{"embeddable":true,"href":"https:\/\/ways.se\/sv\/wp-json\/wp\/v2\/media\/11366"}],"wp:attachment":[{"href":"https:\/\/ways.se\/sv\/wp-json\/wp\/v2\/media?parent=82"}],"wp:term":[{"taxonomy":"element-controls","embeddable":true,"href":"https:\/\/ways.se\/sv\/wp-json\/wp\/v2\/element-controls?post=82"}],"curies":[{"name":"wp","href":"https:\/\/api.w.org\/{rel}","templated":true}]}}