{"id":86,"date":"2019-12-10T11:28:10","date_gmt":"2019-12-10T10:28:10","guid":{"rendered":"https:\/\/ways.se\/ways-kvalitet\/"},"modified":"2022-10-07T13:45:23","modified_gmt":"2022-10-07T12:45:23","slug":"kvalitetspolicy","status":"publish","type":"page","link":"https:\/\/ways.se\/sv\/kvalitetspolicy\/","title":{"rendered":"Kvalitetspolicy"},"content":{"rendered":"\n<p>V\u00e5r kvalitetspolicy innefattar hela Ways verksamhet och involverar samtliga medarbetare. Ways skall alltid uppfylla och \u00f6vertr\u00e4ffa kundens f\u00f6rv\u00e4ntningar vid varje uppdrag genom att vara tydliga gentemot v\u00e5ra kunder med uppdragets inneh\u00e5ll och \u00f6verenskommen leverans..<\/p>\n\n\n\n<ul class=\"wp-block-list\"><li>Vi \u00e4r tydliga i v\u00e5r beskrivning av vilka vi \u00e4r, vad vi kan och vad vi vill<\/li><li>Vi str\u00e4var alltid efter att skapa merv\u00e4rde f\u00f6r v\u00e5ra kunder<\/li><li>Vi str\u00e4var alltid efter att vara tillg\u00e4ngliga och l\u00e4tta att n\u00e5<\/li><\/ul>\n\n\n\n<h2 class=\"wp-block-heading\">Kvalitetsarbete<\/h2>\n\n\n\n<p>V\u00e5r uppf\u00f6randekod \u00e4r en del av v\u00e5r vardag och ber\u00f6r samtliga medarbetare. V\u00e5rt kvalitetsarbete \u00e4r centralt i v\u00e5r leverans till kund. V\u00e5r m\u00e5ls\u00e4ttning \u00e4r att alltid leverera i tid, till \u00f6verenskommet pris och med h\u00f6g kvalitet.<\/p>\n\n\n\n<h2 class=\"wp-block-heading\">Kvalitet \u00e4r allas ansvar<\/h2>\n\n\n\n<p>Engagemang i kvalitetsfr\u00e5gor \u00e4r en avg\u00f6rande faktor f\u00f6r kundn\u00f6jdhet. Det \u00e5ligger samtliga medarbetare att st\u00e4ndigt str\u00e4va efter kundn\u00f6jdhet och att delta i utvecklingen av Ways processer.<\/p>\n\n\n\n<h2 class=\"wp-block-heading\">Projekten \u00e4r k\u00e4rnan f\u00f6r Ways<\/h2>\n\n\n\n<p>Ways aff\u00e4r bottnar i en s\u00e4ker leveransprocess som st\u00e4ndigt utvecklas och f\u00f6rfinas tillsammans med v\u00e5ra kunder och medarbetare.<\/p>\n\n\n\n<h2 class=\"wp-block-heading\">Certifierade konsulter<\/h2>\n\n\n\n<p>Som ett led i kompetensarbetet uppmuntras Ways medarbetare kontinuerligt till vidareutbildning och certifiering. Alla v\u00e5ra utvecklare \u00e4r certifierade i Microsoft SharePoint. V\u00e5ra projektledare \u00e4r certifierade enligt IPMA, med fokus p\u00e5 ledarskap och beteende.<\/p>\n\n\n\n<h2 class=\"wp-block-heading\">F\u00f6rs\u00e4kringspolicy<\/h2>\n\n\n\n<p>Ways verksamhet omfattas av en grundl\u00e4ggande f\u00f6retagsf\u00f6rs\u00e4kring inom omr\u00e5dena egendom, ansvar, r\u00e4ttsskydd, tj\u00e4nsteresor etc. I till\u00e4gg har Ways en utvidgad ansvarsf\u00f6rs\u00e4kring som avser produkt- och tj\u00e4nstef\u00f6rs\u00e4ljning f\u00f6r bolagets kunder.<\/p>\n","protected":false},"excerpt":{"rendered":"<p>V\u00e5r kvalitetspolicy innefattar hela Ways verksamhet och involverar samtliga medarbetare. Ways skall alltid uppfylla och \u00f6vertr\u00e4ffa kundens f\u00f6rv\u00e4ntningar vid varje uppdrag genom att vara tydliga gentemot v\u00e5ra kunder med uppdragets inneh\u00e5ll och \u00f6verenskommen leverans.. Vi &#8230; <\/p>\n<p class=\"read-more-container\"><a title=\"Kvalitetspolicy\" class=\"read-more button\" href=\"https:\/\/ways.se\/sv\/kvalitetspolicy\/\" aria-label=\"L\u00e4s mer om Kvalitetspolicy\">L\u00e4s mer<\/a><\/p>\n","protected":false},"author":5,"featured_media":0,"parent":0,"menu_order":0,"comment_status":"closed","ping_status":"closed","template":"","meta":{"_acf_changed":false,"footnotes":""},"element-controls":[104],"class_list":{"0":"post-86","1":"page","2":"type-page","3":"status-publish","5":"element-controls-single-column","6":"no-featured-image-padding"},"acf":[],"_links":{"self":[{"href":"https:\/\/ways.se\/sv\/wp-json\/wp\/v2\/pages\/86","targetHints":{"allow":["GET"]}}],"collection":[{"href":"https:\/\/ways.se\/sv\/wp-json\/wp\/v2\/pages"}],"about":[{"href":"https:\/\/ways.se\/sv\/wp-json\/wp\/v2\/types\/page"}],"author":[{"embeddable":true,"href":"https:\/\/ways.se\/sv\/wp-json\/wp\/v2\/users\/5"}],"replies":[{"embeddable":true,"href":"https:\/\/ways.se\/sv\/wp-json\/wp\/v2\/comments?post=86"}],"version-history":[{"count":5,"href":"https:\/\/ways.se\/sv\/wp-json\/wp\/v2\/pages\/86\/revisions"}],"predecessor-version":[{"id":11634,"href":"https:\/\/ways.se\/sv\/wp-json\/wp\/v2\/pages\/86\/revisions\/11634"}],"wp:attachment":[{"href":"https:\/\/ways.se\/sv\/wp-json\/wp\/v2\/media?parent=86"}],"wp:term":[{"taxonomy":"element-controls","embeddable":true,"href":"https:\/\/ways.se\/sv\/wp-json\/wp\/v2\/element-controls?post=86"}],"curies":[{"name":"wp","href":"https:\/\/api.w.org\/{rel}","templated":true}]}}